{"id":120757,"date":"2024-03-01T17:11:02","date_gmt":"2024-03-01T14:11:02","guid":{"rendered":"https:\/\/batibulvardent.com\/?page_id=120757"},"modified":"2024-03-01T17:11:02","modified_gmt":"2024-03-01T14:11:02","slug":"dis-tasi-ve-sararma","status":"publish","type":"page","link":"https:\/\/batibulvardent.com\/tr\/dis-tasi-ve-sararma\/","title":{"rendered":"D\u0130\u015e TA\u015eI VE SARARMA"},"content":{"rendered":"<div class=\"wpb-content-wrapper\"><p>[vc_row unlock_row_content=&#8221;yes&#8221; row_height_percent=&#8221;100&#8243; override_padding=&#8221;yes&#8221; h_padding=&#8221;0&#8243; top_padding=&#8221;0&#8243; bottom_padding=&#8221;0&#8243; back_color=&#8221;color-nhtu&#8221; overlay_alpha=&#8221;50&#8243; equal_height=&#8221;yes&#8221; gutter_size=&#8221;3&#8243; shift_y=&#8221;0&#8243;][vc_column column_width_percent=&#8221;100&#8243; gutter_size=&#8221;3&#8243; expand_height=&#8221;yes&#8221; style=&#8221;dark&#8221; overlay_alpha=&#8221;50&#8243; shift_x=&#8221;0&#8243; shift_y=&#8221;0&#8243; z_index=&#8221;0&#8243; medium_width=&#8221;0&#8243; width=&#8221;1\/1&#8243;][vc_row_inner row_inner_height_percent=&#8221;0&#8243; overlay_alpha=&#8221;50&#8243; equal_height=&#8221;yes&#8221; gutter_size=&#8221;0&#8243; shift_y=&#8221;0&#8243; limit_content=&#8221;&#8221;][vc_column_inner column_width_use_pixel=&#8221;yes&#8221; gutter_size=&#8221;3&#8243; expand_height=&#8221;yes&#8221; back_image=&#8221;119351&#8243; back_position=&#8221;right center&#8221; kburns=&#8221;magnetic&#8221; overlay_alpha=&#8221;50&#8243; shift_x=&#8221;0&#8243; shift_y=&#8221;0&#8243; shift_y_down=&#8221;0&#8243; z_index=&#8221;0&#8243; medium_width=&#8221;0&#8243; mobile_width=&#8221;0&#8243; css_animation=&#8221;alpha-anim&#8221; width=&#8221;1\/2&#8243; mobile_height=&#8221;300&#8243; uncode_shortcode_id=&#8221;188862&#8243;][\/vc_column_inner][vc_column_inner column_width_percent=&#8221;65&#8243; position_vertical=&#8221;middle&#8221; gutter_size=&#8221;3&#8243; override_padding=&#8221;yes&#8221; column_padding=&#8221;3&#8243; style=&#8221;dark&#8221; font_family=&#8221;font-136269&#8243; overlay_alpha=&#8221;50&#8243; shift_x=&#8221;0&#8243; shift_y=&#8221;0&#8243; shift_y_down=&#8221;0&#8243; z_index=&#8221;0&#8243; medium_width=&#8221;0&#8243; mobile_width=&#8221;0&#8243; width=&#8221;1\/2&#8243; uncode_shortcode_id=&#8221;202408&#8243;][vc_custom_heading heading_semantic=&#8221;h1&#8243; text_font=&#8221;font-136269&#8243; text_size=&#8221;h1&#8243; text_weight=&#8221;700&#8243; css_animation=&#8221;left-t-right&#8221; text_align=&#8221;text-left&#8221; uncode_shortcode_id=&#8221;769212&#8243;]D\u0130\u015e TA\u015eI VE SARARMA[\/vc_custom_heading][vc_column_text text_lead=&#8221;yes&#8221; css_animation=&#8221;left-t-right&#8221; uncode_shortcode_id=&#8221;954137&#8243;]<strong><span style=\"background: -webkit-linear-gradient(45deg, #773de5, #438ced); -webkit-background-clip: text; -webkit-text-fill-color: transparent; display: inline-block; font-family: Jost; font-size: 20px;\">D\u0130\u015e TEM\u0130ZL\u0130\u011e\u0130 (SRP)<\/span><\/strong><br \/>\n<strong>D\u0130\u015e G\u00d6R\u00dcN\u00dcM\u00dcN\u00dcZ\u00dc \u0130Y\u0130LE\u015eT\u0130RMEN\u0130N B\u0130R YOLUNU MU ARIYORSUNUZ?<\/strong><br \/>\nBa\u015f belas\u0131 plaklardan kurtulun, di\u015f eti ve di\u015f minenizi koruyun! D\u00fczenli di\u015f temizli\u011fiyle a\u011f\u0131z hijyeninizi g\u00fc\u00e7l\u00fc ve keskin tutun.<\/p>\n<p><strong><span style=\"background: -webkit-linear-gradient(45deg, #773de5, #438ced); -webkit-background-clip: text; -webkit-text-fill-color: transparent; display: inline-block; font-family: Jost; font-size: 20px;\">D\u0130\u015e BEYAZLATMA<\/span><\/strong><br \/>\n<strong>FOTO\u011eRAFLARINIZDA D\u0130\u015e RENG\u0130N\u0130ZDEN KAYGILANMAKTAN BIKMADINIZ MI?<\/strong><br \/>\nEndi\u015felenmeyin, bizimlesiniz! Yenilik\u00e7i \u00e7\u00f6z\u00fcmlerimizle size \u00e7arp\u0131c\u0131, \u0131\u015f\u0131l \u0131\u015f\u0131l g\u00fcl\u00fc\u015fl\u00fc selfie&#8217;ler b\u0131rakaca\u011f\u0131z. Y\u0131ld\u0131z gibi \u0131\u015f\u0131ldamaya haz\u0131r olun!..<\/p>\n<p><strong><span style=\"background: -webkit-linear-gradient(45deg, #773de5, #438ced); -webkit-background-clip: text; -webkit-text-fill-color: transparent; display: inline-block; font-family: Jost; font-size: 20px;\">KANAYAN D\u0130\u015e ETLER\u0130<\/span><\/strong><br \/>\n<strong>KANAYAN D\u0130\u015e ETLER\u0130NE ELVEDA!..<\/strong><br \/>\nBat\u0131 Bulvar Di\u015f Klini\u011fi\u2019nde sa\u011fl\u0131kl\u0131 di\u015f etlerine kavu\u015fman\u0131z i\u00e7in en do\u011fru \u00e7\u00f6z\u00fcmleri size sunar\u0131z. Fark\u0131 g\u00f6rmek i\u00e7in \u015fimdi ileti\u015fime ge\u00e7in!..[\/vc_column_text][vc_custom_heading heading_semantic=&#8221;h4&#8243; text_font=&#8221;font-136269&#8243; text_weight=&#8221;400&#8243; css_animation=&#8221;left-t-right&#8221; uncode_shortcode_id=&#8221;730100&#8243;]Di\u015flerinize hak etti\u011fi sa\u011fl\u0131\u011f\u0131 verin!..[\/vc_custom_heading][vc_button radius=&#8221;btn-square&#8221; custom_typo=&#8221;yes&#8221; font_family=&#8221;font-377884&#8243; font_weight=&#8221;600&#8243; border_width=&#8221;0&#8243; css_animation=&#8221;left-t-right&#8221; uncode_shortcode_id=&#8221;304510&#8243; link=&#8221;url:https%3A%2F%2Fbatibulvardent.com%2Ftr%2Filetisim%2F|title:%C4%B0LET%C4%B0%C5%9E%C4%B0M&#8221;]B\u0130ZE ULA\u015eIN[\/vc_button][\/vc_column_inner][\/vc_row_inner][\/vc_column][\/vc_row]<\/p>\n<\/div>","protected":false},"excerpt":{"rendered":"<p>[vc_row unlock_row_content=&#8221;yes&#8221; row_height_percent=&#8221;100&#8243; override_padding=&#8221;yes&#8221; h_padding=&#8221;0&#8243; top_padding=&#8221;0&#8243; bottom_padding=&#8221;0&#8243; back_color=&#8221;color-nhtu&#8221; overlay_alpha=&#8221;50&#8243; equal_height=&#8221;yes&#8221; gutter_size=&#8221;3&#8243; shift_y=&#8221;0&#8243;][vc_column column_width_percent=&#8221;100&#8243; gutter_size=&#8221;3&#8243; expand_height=&#8221;yes&#8221; style=&#8221;dark&#8221; overlay_alpha=&#8221;50&#8243; shift_x=&#8221;0&#8243; shift_y=&#8221;0&#8243; z_index=&#8221;0&#8243; [&hellip;]<\/p>\n","protected":false},"author":1,"featured_media":0,"parent":0,"menu_order":0,"comment_status":"closed","ping_status":"closed","template":"","meta":{"inline_featured_image":false,"_locale":"tr_TR","_original_post":"https:\/\/batibulvardent.com\/demo-bb\/?page_id=119462","footnotes":"","_links_to":"","_links_to_target":""},"class_list":["post-120757","page","type-page","status-publish","hentry","tr-TR"],"yoast_head":"<!-- This site is optimized with the Yoast SEO plugin v26.9 - https:\/\/yoast.com\/product\/yoast-seo-wordpress\/ -->\n<title>BATIBULVAR DENT | Di\u015f Ta\u015f\u0131 ve Sararma<\/title>\n<meta name=\"description\" content=\"Di\u015f temizli\u011fine merhaba deyin! Ba\u015f belas\u0131 plaklardan kurtulun, di\u015f eti ve di\u015f minenizi koruyun! D\u00fczenli di\u015f temizli\u011fiyle a\u011f\u0131z hijyeninizi g\u00fc\u00e7l\u00fc ve keskin tutun.\" \/>\n<meta name=\"robots\" content=\"index, follow, max-snippet:-1, max-image-preview:large, max-video-preview:-1\" \/>\n<link rel=\"canonical\" href=\"https:\/\/batibulvardent.com\/tr\/dis-tasi-ve-sararma\/\" \/>\n<meta property=\"og:locale\" content=\"tr_TR\" \/>\n<meta property=\"og:type\" content=\"article\" \/>\n<meta property=\"og:title\" content=\"BATIBULVAR DENT | Di\u015f Ta\u015f\u0131 ve Sararma\" \/>\n<meta property=\"og:description\" content=\"Di\u015f temizli\u011fine merhaba deyin! Ba\u015f belas\u0131 plaklardan kurtulun, di\u015f eti ve di\u015f minenizi koruyun! D\u00fczenli di\u015f temizli\u011fiyle a\u011f\u0131z hijyeninizi g\u00fc\u00e7l\u00fc ve keskin tutun.\" \/>\n<meta property=\"og:url\" content=\"https:\/\/batibulvardent.com\/tr\/dis-tasi-ve-sararma\/\" \/>\n<meta property=\"og:site_name\" content=\"BATIBULVARDENT\" \/>\n<meta name=\"twitter:card\" content=\"summary_large_image\" \/>\n<meta name=\"twitter:label1\" content=\"Tahmini okuma s\u00fcresi\" \/>\n\t<meta name=\"twitter:data1\" content=\"1 dakika\" \/>\n<script type=\"application\/ld+json\" class=\"yoast-schema-graph\">{\"@context\":\"https:\/\/schema.org\",\"@graph\":[{\"@type\":\"WebPage\",\"@id\":\"https:\/\/batibulvardent.com\/tr\/dis-tasi-ve-sararma\/\",\"url\":\"https:\/\/batibulvardent.com\/tr\/dis-tasi-ve-sararma\/\",\"name\":\"BATIBULVAR DENT | Di\u015f Ta\u015f\u0131 ve Sararma\",\"isPartOf\":{\"@id\":\"https:\/\/batibulvardent.com\/#website\"},\"datePublished\":\"2024-03-01T14:11:02+00:00\",\"description\":\"Di\u015f temizli\u011fine merhaba deyin! Ba\u015f belas\u0131 plaklardan kurtulun, di\u015f eti ve di\u015f minenizi koruyun! D\u00fczenli di\u015f temizli\u011fiyle a\u011f\u0131z hijyeninizi g\u00fc\u00e7l\u00fc ve keskin tutun.\",\"breadcrumb\":{\"@id\":\"https:\/\/batibulvardent.com\/tr\/dis-tasi-ve-sararma\/#breadcrumb\"},\"inLanguage\":\"tr\",\"potentialAction\":[{\"@type\":\"ReadAction\",\"target\":[\"https:\/\/batibulvardent.com\/tr\/dis-tasi-ve-sararma\/\"]}]},{\"@type\":\"BreadcrumbList\",\"@id\":\"https:\/\/batibulvardent.com\/tr\/dis-tasi-ve-sararma\/#breadcrumb\",\"itemListElement\":[{\"@type\":\"ListItem\",\"position\":1,\"name\":\"Home\",\"item\":\"https:\/\/batibulvardent.com\/tr\/\"},{\"@type\":\"ListItem\",\"position\":2,\"name\":\"D\u0130\u015e TA\u015eI VE SARARMA\"}]},{\"@type\":\"WebSite\",\"@id\":\"https:\/\/batibulvardent.com\/#website\",\"url\":\"https:\/\/batibulvardent.com\/\",\"name\":\"BATIBULVAR DENT\",\"description\":\"The Future of Dental Health\",\"publisher\":{\"@id\":\"https:\/\/batibulvardent.com\/#organization\"},\"potentialAction\":[{\"@type\":\"SearchAction\",\"target\":{\"@type\":\"EntryPoint\",\"urlTemplate\":\"https:\/\/batibulvardent.com\/?s={search_term_string}\"},\"query-input\":{\"@type\":\"PropertyValueSpecification\",\"valueRequired\":true,\"valueName\":\"search_term_string\"}}],\"inLanguage\":\"tr\"},{\"@type\":\"Organization\",\"@id\":\"https:\/\/batibulvardent.com\/#organization\",\"name\":\"The Future of Dental Health\",\"url\":\"https:\/\/batibulvardent.com\/\",\"logo\":{\"@type\":\"ImageObject\",\"inLanguage\":\"tr\",\"@id\":\"https:\/\/batibulvardent.com\/#\/schema\/logo\/image\/\",\"url\":\"https:\/\/batibulvardent.com\/wp-content\/uploads\/2023\/06\/favicon.png\",\"contentUrl\":\"https:\/\/batibulvardent.com\/wp-content\/uploads\/2023\/06\/favicon.png\",\"width\":512,\"height\":512,\"caption\":\"The Future of Dental Health\"},\"image\":{\"@id\":\"https:\/\/batibulvardent.com\/#\/schema\/logo\/image\/\"},\"sameAs\":[\"https:\/\/www.instagram.com\/batibulvardisklinigi\"]}]}<\/script>\n<!-- \/ Yoast SEO plugin. -->","yoast_head_json":{"title":"BATIBULVAR DENT | Di\u015f Ta\u015f\u0131 ve Sararma","description":"Di\u015f temizli\u011fine merhaba deyin! Ba\u015f belas\u0131 plaklardan kurtulun, di\u015f eti ve di\u015f minenizi koruyun! D\u00fczenli di\u015f temizli\u011fiyle a\u011f\u0131z hijyeninizi g\u00fc\u00e7l\u00fc ve keskin tutun.","robots":{"index":"index","follow":"follow","max-snippet":"max-snippet:-1","max-image-preview":"max-image-preview:large","max-video-preview":"max-video-preview:-1"},"canonical":"https:\/\/batibulvardent.com\/tr\/dis-tasi-ve-sararma\/","og_locale":"tr_TR","og_type":"article","og_title":"BATIBULVAR DENT | Di\u015f Ta\u015f\u0131 ve Sararma","og_description":"Di\u015f temizli\u011fine merhaba deyin! Ba\u015f belas\u0131 plaklardan kurtulun, di\u015f eti ve di\u015f minenizi koruyun! D\u00fczenli di\u015f temizli\u011fiyle a\u011f\u0131z hijyeninizi g\u00fc\u00e7l\u00fc ve keskin tutun.","og_url":"https:\/\/batibulvardent.com\/tr\/dis-tasi-ve-sararma\/","og_site_name":"BATIBULVARDENT","twitter_card":"summary_large_image","twitter_misc":{"Tahmini okuma s\u00fcresi":"1 dakika"},"schema":{"@context":"https:\/\/schema.org","@graph":[{"@type":"WebPage","@id":"https:\/\/batibulvardent.com\/tr\/dis-tasi-ve-sararma\/","url":"https:\/\/batibulvardent.com\/tr\/dis-tasi-ve-sararma\/","name":"BATIBULVAR DENT | Di\u015f Ta\u015f\u0131 ve Sararma","isPartOf":{"@id":"https:\/\/batibulvardent.com\/#website"},"datePublished":"2024-03-01T14:11:02+00:00","description":"Di\u015f temizli\u011fine merhaba deyin! Ba\u015f belas\u0131 plaklardan kurtulun, di\u015f eti ve di\u015f minenizi koruyun! D\u00fczenli di\u015f temizli\u011fiyle a\u011f\u0131z hijyeninizi g\u00fc\u00e7l\u00fc ve keskin tutun.","breadcrumb":{"@id":"https:\/\/batibulvardent.com\/tr\/dis-tasi-ve-sararma\/#breadcrumb"},"inLanguage":"tr","potentialAction":[{"@type":"ReadAction","target":["https:\/\/batibulvardent.com\/tr\/dis-tasi-ve-sararma\/"]}]},{"@type":"BreadcrumbList","@id":"https:\/\/batibulvardent.com\/tr\/dis-tasi-ve-sararma\/#breadcrumb","itemListElement":[{"@type":"ListItem","position":1,"name":"Home","item":"https:\/\/batibulvardent.com\/tr\/"},{"@type":"ListItem","position":2,"name":"D\u0130\u015e TA\u015eI VE SARARMA"}]},{"@type":"WebSite","@id":"https:\/\/batibulvardent.com\/#website","url":"https:\/\/batibulvardent.com\/","name":"BATIBULVAR DENT","description":"The Future of Dental Health","publisher":{"@id":"https:\/\/batibulvardent.com\/#organization"},"potentialAction":[{"@type":"SearchAction","target":{"@type":"EntryPoint","urlTemplate":"https:\/\/batibulvardent.com\/?s={search_term_string}"},"query-input":{"@type":"PropertyValueSpecification","valueRequired":true,"valueName":"search_term_string"}}],"inLanguage":"tr"},{"@type":"Organization","@id":"https:\/\/batibulvardent.com\/#organization","name":"The Future of Dental Health","url":"https:\/\/batibulvardent.com\/","logo":{"@type":"ImageObject","inLanguage":"tr","@id":"https:\/\/batibulvardent.com\/#\/schema\/logo\/image\/","url":"https:\/\/batibulvardent.com\/wp-content\/uploads\/2023\/06\/favicon.png","contentUrl":"https:\/\/batibulvardent.com\/wp-content\/uploads\/2023\/06\/favicon.png","width":512,"height":512,"caption":"The Future of Dental Health"},"image":{"@id":"https:\/\/batibulvardent.com\/#\/schema\/logo\/image\/"},"sameAs":["https:\/\/www.instagram.com\/batibulvardisklinigi"]}]}},"_links":{"self":[{"href":"https:\/\/batibulvardent.com\/wp-json\/wp\/v2\/pages\/120757","targetHints":{"allow":["GET"]}}],"collection":[{"href":"https:\/\/batibulvardent.com\/wp-json\/wp\/v2\/pages"}],"about":[{"href":"https:\/\/batibulvardent.com\/wp-json\/wp\/v2\/types\/page"}],"author":[{"embeddable":true,"href":"https:\/\/batibulvardent.com\/wp-json\/wp\/v2\/users\/1"}],"replies":[{"embeddable":true,"href":"https:\/\/batibulvardent.com\/wp-json\/wp\/v2\/comments?post=120757"}],"version-history":[{"count":3,"href":"https:\/\/batibulvardent.com\/wp-json\/wp\/v2\/pages\/120757\/revisions"}],"predecessor-version":[{"id":120877,"href":"https:\/\/batibulvardent.com\/wp-json\/wp\/v2\/pages\/120757\/revisions\/120877"}],"wp:attachment":[{"href":"https:\/\/batibulvardent.com\/wp-json\/wp\/v2\/media?parent=120757"}],"curies":[{"name":"wp","href":"https:\/\/api.w.org\/{rel}","templated":true}]}}