{"id":120759,"date":"2024-03-01T17:11:02","date_gmt":"2024-03-01T14:11:02","guid":{"rendered":"https:\/\/batibulvardent.com\/?page_id=120759"},"modified":"2024-03-01T17:11:02","modified_gmt":"2024-03-01T14:11:02","slug":"hakkimizda","status":"publish","type":"page","link":"https:\/\/batibulvardent.com\/tr\/hakkimizda\/","title":{"rendered":"HAKKIMIZDA"},"content":{"rendered":"<div class=\"wpb-content-wrapper\"><p>[vc_row unlock_row_content=&#8221;yes&#8221; row_height_percent=&#8221;100&#8243; override_padding=&#8221;yes&#8221; h_padding=&#8221;4&#8243; top_padding=&#8221;4&#8243; bottom_padding=&#8221;4&#8243; back_color=&#8221;color-lxmt&#8221; back_image=&#8221;119542&#8243; back_position=&#8221;center bottom&#8221; kburns=&#8221;magnetic&#8221; overlay_alpha=&#8221;50&#8243; gutter_size=&#8221;3&#8243; column_width_percent=&#8221;100&#8243; shift_y=&#8221;0&#8243; z_index=&#8221;0&#8243; uncode_shortcode_id=&#8221;873218&#8243; back_color_type=&#8221;uncode-palette&#8221;][vc_column column_width_percent=&#8221;100&#8243; position_vertical=&#8221;bottom&#8221; gutter_size=&#8221;0&#8243; overlay_alpha=&#8221;50&#8243; shift_x=&#8221;0&#8243; shift_y=&#8221;0&#8243; shift_y_down=&#8221;0&#8243; z_index=&#8221;0&#8243; medium_width=&#8221;0&#8243; mobile_width=&#8221;0&#8243; width=&#8221;1\/1&#8243;][vc_custom_heading heading_semantic=&#8221;h1&#8243; text_font=&#8221;font-136269&#8243; text_size=&#8221;fontsize-338686&#8243; text_weight=&#8221;700&#8243; text_space=&#8221;fontspace-781688&#8243; uncode_shortcode_id=&#8221;171345&#8243;]S\u0130ZLERE[\/vc_custom_heading][vc_custom_heading text_font=&#8221;font-136269&#8243; text_size=&#8221;h1&#8243; text_weight=&#8221;500&#8243; text_space=&#8221;fontspace-781688&#8243; uncode_shortcode_id=&#8221;160176&#8243;]di\u015flerinizin sa\u011fl\u0131\u011f\u0131 i\u00e7in en iyi tedaviyi sa\u011flayal\u0131m.[\/vc_custom_heading][\/vc_column][\/vc_row][vc_row unlock_row_content=&#8221;yes&#8221; row_height_percent=&#8221;50&#8243; override_padding=&#8221;yes&#8221; h_padding=&#8221;0&#8243; top_padding=&#8221;0&#8243; bottom_padding=&#8221;0&#8243; overlay_alpha=&#8221;50&#8243; equal_height=&#8221;yes&#8221; gutter_size=&#8221;0&#8243; shift_y=&#8221;0&#8243;][vc_column column_width_percent=&#8221;100&#8243; gutter_size=&#8221;0&#8243; overlay_alpha=&#8221;50&#8243; shift_x=&#8221;0&#8243; shift_y=&#8221;0&#8243; shift_y_down=&#8221;0&#8243; z_index=&#8221;0&#8243; medium_width=&#8221;0&#8243; mobile_width=&#8221;0&#8243; width=&#8221;1\/2&#8243; uncode_shortcode_id=&#8221;215278&#8243;][vc_row_inner row_inner_height_percent=&#8221;50&#8243; back_color=&#8221;color-xsdn&#8221; overlay_alpha=&#8221;50&#8243; gutter_size=&#8221;3&#8243; shift_y=&#8221;0&#8243; limit_content=&#8221;&#8221;][vc_column_inner column_width_percent=&#8221;100&#8243; gutter_size=&#8221;2&#8243; override_padding=&#8221;yes&#8221; column_padding=&#8221;4&#8243; font_family=&#8221;font-136269&#8243; overlay_alpha=&#8221;50&#8243; shift_x=&#8221;0&#8243; shift_y=&#8221;0&#8243; shift_y_down=&#8221;0&#8243; z_index=&#8221;0&#8243; medium_width=&#8221;0&#8243; mobile_width=&#8221;0&#8243; css_animation=&#8221;bottom-t-top&#8221; animation_delay=&#8221;200&#8243; width=&#8221;1\/1&#8243; uncode_shortcode_id=&#8221;721825&#8243;][vc_custom_heading text_font=&#8221;font-136269&#8243; text_size=&#8221;h1&#8243; text_weight=&#8221;500&#8243; text_space=&#8221;fontspace-781688&#8243; uncode_shortcode_id=&#8221;193492&#8243;]Bat\u0131 Bulvar Di\u015f Klini\u011fi olarak,[\/vc_custom_heading][vc_column_text text_lead=&#8221;yes&#8221; uncode_shortcode_id=&#8221;172900&#8243;]hastalar\u0131m\u0131za en geli\u015fmi\u015f tedavi ve teknikleri b\u00fcy\u00fck bir tutkuyla sunuyoruz. <strong>Kozmetik di\u015f hekimli\u011finden<\/strong>, <strong>ortodonti<\/strong> ve <strong>implant di\u015f hekimli\u011fine<\/strong> kadar, uzman ekibimiz <strong>sizlere en iyi tedaviyi sa\u011flamaya adanm\u0131\u015ft\u0131r<\/strong>. Keskin teknolojimiz ve yenilik\u00e7i di\u015f tedavilerimiz, t\u00fcm di\u015f ihtiya\u00e7lar\u0131n\u0131z\u0131 ve beklentilerinizi kar\u015f\u0131lamak i\u00e7in tasarlanm\u0131\u015ft\u0131r ve bu nedenle Ankara\u2019n\u0131n tercih edilen bir klini\u011fi haline gelmi\u015ftir.[\/vc_column_text][\/vc_column_inner][\/vc_row_inner][vc_row_inner row_inner_height_percent=&#8221;50&#8243; overlay_alpha=&#8221;50&#8243; equal_height=&#8221;yes&#8221; gutter_size=&#8221;0&#8243; shift_y=&#8221;0&#8243; limit_content=&#8221;&#8221;][vc_column_inner column_width_percent=&#8221;100&#8243; gutter_size=&#8221;3&#8243; override_padding=&#8221;yes&#8221; column_padding=&#8221;4&#8243; font_family=&#8221;font-136269&#8243; back_color=&#8221;color-lxmt&#8221; overlay_alpha=&#8221;50&#8243; shift_x=&#8221;0&#8243; shift_y=&#8221;0&#8243; shift_y_down=&#8221;0&#8243; z_index=&#8221;0&#8243; medium_width=&#8221;4&#8243; mobile_width=&#8221;0&#8243; css_animation=&#8221;bottom-t-top&#8221; animation_delay=&#8221;200&#8243; width=&#8221;1\/2&#8243; uncode_shortcode_id=&#8221;455447&#8243; back_color_type=&#8221;uncode-palette&#8221;][vc_icon icon=&#8221;fa fa-heart-pulse&#8221; size=&#8221;fa-2x&#8221; text_font=&#8221;font-136269&#8243; text_size=&#8221;h2&#8243; text_weight=&#8221;500&#8243; text_space=&#8221;fontspace-781688&#8243; text_reduced=&#8221;yes&#8221; align=&#8221;left&#8221; title=&#8221;Size Kan\u0131tlayal\u0131m!..&#8221; uncode_shortcode_id=&#8221;125113&#8243;]<a href=\"https:\/\/batibulvardent.com\/tr\/iletisim\"><strong>\u015eimdi randevu al\u0131n,<\/strong><\/a> en yeni dental teknoloji ve tedavi se\u00e7enekleriyle kusursuz di\u015f tedavisinin fark\u0131n\u0131 deneyimleyin.[\/vc_icon][\/vc_column_inner][vc_column_inner column_width_percent=&#8221;100&#8243; gutter_size=&#8221;3&#8243; override_padding=&#8221;yes&#8221; column_padding=&#8221;4&#8243; back_color=&#8221;color-lxmt&#8221; back_image=&#8221;119540&#8243; overlay_alpha=&#8221;50&#8243; shift_x=&#8221;0&#8243; shift_y=&#8221;0&#8243; shift_y_down=&#8221;0&#8243; z_index=&#8221;0&#8243; medium_width=&#8221;4&#8243; mobile_width=&#8221;0&#8243; css_animation=&#8221;bottom-t-top&#8221; animation_delay=&#8221;400&#8243; width=&#8221;1\/2&#8243; mobile_height=&#8221;300&#8243; uncode_shortcode_id=&#8221;274099&#8243; back_color_type=&#8221;uncode-palette&#8221;][\/vc_column_inner][\/vc_row_inner][\/vc_column][vc_column column_width_percent=&#8221;100&#8243; gutter_size=&#8221;3&#8243; back_image=&#8221;119544&#8243; overlay_alpha=&#8221;50&#8243; shift_x=&#8221;0&#8243; shift_y=&#8221;0&#8243; shift_y_down=&#8221;0&#8243; z_index=&#8221;0&#8243; medium_visibility=&#8221;yes&#8221; medium_width=&#8221;0&#8243; mobile_visibility=&#8221;yes&#8221; mobile_width=&#8221;0&#8243; css_animation=&#8221;bottom-t-top&#8221; animation_delay=&#8221;400&#8243; width=&#8221;1\/2&#8243; mobile_height=&#8221;300&#8243; uncode_shortcode_id=&#8221;196479&#8243;][\/vc_column][\/vc_row]<\/p>\n<\/div>","protected":false},"excerpt":{"rendered":"<p>[vc_row unlock_row_content=&#8221;yes&#8221; row_height_percent=&#8221;100&#8243; override_padding=&#8221;yes&#8221; h_padding=&#8221;4&#8243; top_padding=&#8221;4&#8243; bottom_padding=&#8221;4&#8243; back_color=&#8221;color-lxmt&#8221; back_image=&#8221;119542&#8243; back_position=&#8221;center bottom&#8221; kburns=&#8221;magnetic&#8221; overlay_alpha=&#8221;50&#8243; gutter_size=&#8221;3&#8243; column_width_percent=&#8221;100&#8243; shift_y=&#8221;0&#8243; z_index=&#8221;0&#8243; uncode_shortcode_id=&#8221;873218&#8243; back_color_type=&#8221;uncode-palette&#8221;][vc_column column_width_percent=&#8221;100&#8243; [&hellip;]<\/p>\n","protected":false},"author":1,"featured_media":0,"parent":0,"menu_order":0,"comment_status":"closed","ping_status":"closed","template":"","meta":{"inline_featured_image":false,"_locale":"tr_TR","_original_post":"https:\/\/batibulvardent.com\/demo-bb\/?page_id=119530","footnotes":"","_links_to":"","_links_to_target":""},"class_list":["post-120759","page","type-page","status-publish","hentry","tr-TR"],"yoast_head":"<!-- This site is optimized with the Yoast SEO plugin v26.9 - https:\/\/yoast.com\/product\/yoast-seo-wordpress\/ -->\n<title>BATIBULVAR DENT | Hakk\u0131m\u0131zda<\/title>\n<meta name=\"description\" content=\"Bat\u0131 Bulvar Di\u015f Klini\u011fi olarak, hastalar\u0131m\u0131za en geli\u015fmi\u015f tedavi ve teknikleri b\u00fcy\u00fck bir tutkuyla sunuyoruz. Kozmetik di\u015f hekimli\u011finden, ortodonti ve implant di\u015f hekimli\u011fine kadar, uzman ekibimiz sizlere en iyi tedaviyi sa\u011flamaya adanm\u0131\u015ft\u0131r.\" \/>\n<meta name=\"robots\" content=\"index, follow, max-snippet:-1, max-image-preview:large, max-video-preview:-1\" \/>\n<link rel=\"canonical\" href=\"https:\/\/batibulvardent.com\/tr\/hakkimizda\/\" \/>\n<meta property=\"og:locale\" content=\"tr_TR\" \/>\n<meta property=\"og:type\" content=\"article\" \/>\n<meta property=\"og:title\" content=\"BATIBULVAR DENT | Hakk\u0131m\u0131zda\" \/>\n<meta property=\"og:description\" content=\"Bat\u0131 Bulvar Di\u015f Klini\u011fi olarak, hastalar\u0131m\u0131za en geli\u015fmi\u015f tedavi ve teknikleri b\u00fcy\u00fck bir tutkuyla sunuyoruz. Kozmetik di\u015f hekimli\u011finden, ortodonti ve implant di\u015f hekimli\u011fine kadar, uzman ekibimiz sizlere en iyi tedaviyi sa\u011flamaya adanm\u0131\u015ft\u0131r.\" \/>\n<meta property=\"og:url\" content=\"https:\/\/batibulvardent.com\/tr\/hakkimizda\/\" \/>\n<meta property=\"og:site_name\" content=\"BATIBULVARDENT\" \/>\n<meta name=\"twitter:card\" content=\"summary_large_image\" \/>\n<meta name=\"twitter:label1\" content=\"Tahmini okuma s\u00fcresi\" \/>\n\t<meta name=\"twitter:data1\" content=\"2 dakika\" \/>\n<script type=\"application\/ld+json\" class=\"yoast-schema-graph\">{\"@context\":\"https:\/\/schema.org\",\"@graph\":[{\"@type\":\"WebPage\",\"@id\":\"https:\/\/batibulvardent.com\/tr\/hakkimizda\/\",\"url\":\"https:\/\/batibulvardent.com\/tr\/hakkimizda\/\",\"name\":\"BATIBULVAR DENT | Hakk\u0131m\u0131zda\",\"isPartOf\":{\"@id\":\"https:\/\/batibulvardent.com\/#website\"},\"datePublished\":\"2024-03-01T14:11:02+00:00\",\"description\":\"Bat\u0131 Bulvar Di\u015f Klini\u011fi olarak, hastalar\u0131m\u0131za en geli\u015fmi\u015f tedavi ve teknikleri b\u00fcy\u00fck bir tutkuyla sunuyoruz. Kozmetik di\u015f hekimli\u011finden, ortodonti ve implant di\u015f hekimli\u011fine kadar, uzman ekibimiz sizlere en iyi tedaviyi sa\u011flamaya adanm\u0131\u015ft\u0131r.\",\"breadcrumb\":{\"@id\":\"https:\/\/batibulvardent.com\/tr\/hakkimizda\/#breadcrumb\"},\"inLanguage\":\"tr\",\"potentialAction\":[{\"@type\":\"ReadAction\",\"target\":[\"https:\/\/batibulvardent.com\/tr\/hakkimizda\/\"]}]},{\"@type\":\"BreadcrumbList\",\"@id\":\"https:\/\/batibulvardent.com\/tr\/hakkimizda\/#breadcrumb\",\"itemListElement\":[{\"@type\":\"ListItem\",\"position\":1,\"name\":\"Home\",\"item\":\"https:\/\/batibulvardent.com\/tr\/\"},{\"@type\":\"ListItem\",\"position\":2,\"name\":\"HAKKIMIZDA\"}]},{\"@type\":\"WebSite\",\"@id\":\"https:\/\/batibulvardent.com\/#website\",\"url\":\"https:\/\/batibulvardent.com\/\",\"name\":\"BATIBULVAR DENT\",\"description\":\"The Future of Dental Health\",\"publisher\":{\"@id\":\"https:\/\/batibulvardent.com\/#organization\"},\"potentialAction\":[{\"@type\":\"SearchAction\",\"target\":{\"@type\":\"EntryPoint\",\"urlTemplate\":\"https:\/\/batibulvardent.com\/?s={search_term_string}\"},\"query-input\":{\"@type\":\"PropertyValueSpecification\",\"valueRequired\":true,\"valueName\":\"search_term_string\"}}],\"inLanguage\":\"tr\"},{\"@type\":\"Organization\",\"@id\":\"https:\/\/batibulvardent.com\/#organization\",\"name\":\"The Future of Dental Health\",\"url\":\"https:\/\/batibulvardent.com\/\",\"logo\":{\"@type\":\"ImageObject\",\"inLanguage\":\"tr\",\"@id\":\"https:\/\/batibulvardent.com\/#\/schema\/logo\/image\/\",\"url\":\"https:\/\/batibulvardent.com\/wp-content\/uploads\/2023\/06\/favicon.png\",\"contentUrl\":\"https:\/\/batibulvardent.com\/wp-content\/uploads\/2023\/06\/favicon.png\",\"width\":512,\"height\":512,\"caption\":\"The Future of Dental Health\"},\"image\":{\"@id\":\"https:\/\/batibulvardent.com\/#\/schema\/logo\/image\/\"},\"sameAs\":[\"https:\/\/www.instagram.com\/batibulvardisklinigi\"]}]}<\/script>\n<!-- \/ Yoast SEO plugin. -->","yoast_head_json":{"title":"BATIBULVAR DENT | Hakk\u0131m\u0131zda","description":"Bat\u0131 Bulvar Di\u015f Klini\u011fi olarak, hastalar\u0131m\u0131za en geli\u015fmi\u015f tedavi ve teknikleri b\u00fcy\u00fck bir tutkuyla sunuyoruz. Kozmetik di\u015f hekimli\u011finden, ortodonti ve implant di\u015f hekimli\u011fine kadar, uzman ekibimiz sizlere en iyi tedaviyi sa\u011flamaya adanm\u0131\u015ft\u0131r.","robots":{"index":"index","follow":"follow","max-snippet":"max-snippet:-1","max-image-preview":"max-image-preview:large","max-video-preview":"max-video-preview:-1"},"canonical":"https:\/\/batibulvardent.com\/tr\/hakkimizda\/","og_locale":"tr_TR","og_type":"article","og_title":"BATIBULVAR DENT | Hakk\u0131m\u0131zda","og_description":"Bat\u0131 Bulvar Di\u015f Klini\u011fi olarak, hastalar\u0131m\u0131za en geli\u015fmi\u015f tedavi ve teknikleri b\u00fcy\u00fck bir tutkuyla sunuyoruz. Kozmetik di\u015f hekimli\u011finden, ortodonti ve implant di\u015f hekimli\u011fine kadar, uzman ekibimiz sizlere en iyi tedaviyi sa\u011flamaya adanm\u0131\u015ft\u0131r.","og_url":"https:\/\/batibulvardent.com\/tr\/hakkimizda\/","og_site_name":"BATIBULVARDENT","twitter_card":"summary_large_image","twitter_misc":{"Tahmini okuma s\u00fcresi":"2 dakika"},"schema":{"@context":"https:\/\/schema.org","@graph":[{"@type":"WebPage","@id":"https:\/\/batibulvardent.com\/tr\/hakkimizda\/","url":"https:\/\/batibulvardent.com\/tr\/hakkimizda\/","name":"BATIBULVAR DENT | Hakk\u0131m\u0131zda","isPartOf":{"@id":"https:\/\/batibulvardent.com\/#website"},"datePublished":"2024-03-01T14:11:02+00:00","description":"Bat\u0131 Bulvar Di\u015f Klini\u011fi olarak, hastalar\u0131m\u0131za en geli\u015fmi\u015f tedavi ve teknikleri b\u00fcy\u00fck bir tutkuyla sunuyoruz. Kozmetik di\u015f hekimli\u011finden, ortodonti ve implant di\u015f hekimli\u011fine kadar, uzman ekibimiz sizlere en iyi tedaviyi sa\u011flamaya adanm\u0131\u015ft\u0131r.","breadcrumb":{"@id":"https:\/\/batibulvardent.com\/tr\/hakkimizda\/#breadcrumb"},"inLanguage":"tr","potentialAction":[{"@type":"ReadAction","target":["https:\/\/batibulvardent.com\/tr\/hakkimizda\/"]}]},{"@type":"BreadcrumbList","@id":"https:\/\/batibulvardent.com\/tr\/hakkimizda\/#breadcrumb","itemListElement":[{"@type":"ListItem","position":1,"name":"Home","item":"https:\/\/batibulvardent.com\/tr\/"},{"@type":"ListItem","position":2,"name":"HAKKIMIZDA"}]},{"@type":"WebSite","@id":"https:\/\/batibulvardent.com\/#website","url":"https:\/\/batibulvardent.com\/","name":"BATIBULVAR DENT","description":"The Future of Dental Health","publisher":{"@id":"https:\/\/batibulvardent.com\/#organization"},"potentialAction":[{"@type":"SearchAction","target":{"@type":"EntryPoint","urlTemplate":"https:\/\/batibulvardent.com\/?s={search_term_string}"},"query-input":{"@type":"PropertyValueSpecification","valueRequired":true,"valueName":"search_term_string"}}],"inLanguage":"tr"},{"@type":"Organization","@id":"https:\/\/batibulvardent.com\/#organization","name":"The Future of Dental Health","url":"https:\/\/batibulvardent.com\/","logo":{"@type":"ImageObject","inLanguage":"tr","@id":"https:\/\/batibulvardent.com\/#\/schema\/logo\/image\/","url":"https:\/\/batibulvardent.com\/wp-content\/uploads\/2023\/06\/favicon.png","contentUrl":"https:\/\/batibulvardent.com\/wp-content\/uploads\/2023\/06\/favicon.png","width":512,"height":512,"caption":"The Future of Dental Health"},"image":{"@id":"https:\/\/batibulvardent.com\/#\/schema\/logo\/image\/"},"sameAs":["https:\/\/www.instagram.com\/batibulvardisklinigi"]}]}},"_links":{"self":[{"href":"https:\/\/batibulvardent.com\/wp-json\/wp\/v2\/pages\/120759","targetHints":{"allow":["GET"]}}],"collection":[{"href":"https:\/\/batibulvardent.com\/wp-json\/wp\/v2\/pages"}],"about":[{"href":"https:\/\/batibulvardent.com\/wp-json\/wp\/v2\/types\/page"}],"author":[{"embeddable":true,"href":"https:\/\/batibulvardent.com\/wp-json\/wp\/v2\/users\/1"}],"replies":[{"embeddable":true,"href":"https:\/\/batibulvardent.com\/wp-json\/wp\/v2\/comments?post=120759"}],"version-history":[{"count":2,"href":"https:\/\/batibulvardent.com\/wp-json\/wp\/v2\/pages\/120759\/revisions"}],"predecessor-version":[{"id":120837,"href":"https:\/\/batibulvardent.com\/wp-json\/wp\/v2\/pages\/120759\/revisions\/120837"}],"wp:attachment":[{"href":"https:\/\/batibulvardent.com\/wp-json\/wp\/v2\/media?parent=120759"}],"curies":[{"name":"wp","href":"https:\/\/api.w.org\/{rel}","templated":true}]}}