{"id":120760,"date":"2024-03-01T17:11:02","date_gmt":"2024-03-01T14:11:02","guid":{"rendered":"https:\/\/batibulvardent.com\/?page_id=120760"},"modified":"2024-03-01T17:11:02","modified_gmt":"2024-03-01T14:11:02","slug":"iletisim","status":"publish","type":"page","link":"https:\/\/batibulvardent.com\/tr\/iletisim\/","title":{"rendered":"\u0130LET\u0130\u015e\u0130M"},"content":{"rendered":"<div class=\"wpb-content-wrapper\"><p>[vc_row unlock_row_content=&#8221;yes&#8221; row_height_percent=&#8221;100&#8243; override_padding=&#8221;yes&#8221; h_padding=&#8221;0&#8243; top_padding=&#8221;0&#8243; bottom_padding=&#8221;0&#8243; back_color=&#8221;color-nhtu&#8221; back_image=&#8221;119564&#8243; overlay_alpha=&#8221;90&#8243; overlay_color_blend=&#8221;screen&#8221; gutter_size=&#8221;3&#8243; column_width_percent=&#8221;100&#8243; shift_y=&#8221;0&#8243; z_index=&#8221;0&#8243; enable_bottom_divider=&#8221;default&#8221; bottom_divider=&#8221;gradient&#8221; shape_bottom_h_use_pixel=&#8221;true&#8221; shape_bottom_height_percent=&#8221;100&#8243; shape_bottom_color=&#8221;color-nhtu&#8221; shape_bottom_opacity=&#8221;100&#8243; shape_bottom_index=&#8221;0&#8243; uncode_shortcode_id=&#8221;600187&#8243; back_color_type=&#8221;uncode-palette&#8221; overlay_color_type=&#8221;uncode-solid&#8221; shape_bottom_color_type=&#8221;uncode-palette&#8221; overlay_color_solid=&#8221;#4d00f4&#8243;][vc_column column_width_percent=&#8221;100&#8243; position_vertical=&#8221;bottom&#8221; gutter_size=&#8221;3&#8243; override_padding=&#8221;yes&#8221; column_padding=&#8221;4&#8243; style=&#8221;dark&#8221; overlay_alpha=&#8221;50&#8243; shift_x=&#8221;0&#8243; shift_y=&#8221;0&#8243; shift_y_down=&#8221;0&#8243; z_index=&#8221;0&#8243; medium_width=&#8221;0&#8243; mobile_width=&#8221;0&#8243; width=&#8221;1\/1&#8243;][vc_row_inner row_inner_height_percent=&#8221;0&#8243; overlay_alpha=&#8221;50&#8243; gutter_size=&#8221;3&#8243; shift_y=&#8221;0&#8243; limit_content=&#8221;&#8221;][vc_column_inner column_width_percent=&#8221;100&#8243; position_vertical=&#8221;middle&#8221; gutter_size=&#8221;3&#8243; style=&#8221;dark&#8221; overlay_alpha=&#8221;50&#8243; shift_x=&#8221;0&#8243; shift_y=&#8221;0&#8243; shift_y_down=&#8221;0&#8243; z_index=&#8221;0&#8243; medium_width=&#8221;0&#8243; mobile_width=&#8221;0&#8243; width=&#8221;1\/1&#8243;][vc_custom_heading heading_semantic=&#8221;h1&#8243; text_font=&#8221;font-136269&#8243; text_size=&#8221;fontsize-155944&#8243; text_weight=&#8221;400&#8243; text_space=&#8221;fontspace-781688&#8243; uncode_shortcode_id=&#8221;699014&#8243;]Bat\u0131 Bulvar Di\u015f Klini\u011fi olarak,<br \/>\nYetenekli ve teknolojiye merakl\u0131 di\u015f hekimlerimiz ile,<br \/>\nSizlerle tan\u0131\u015fmak i\u00e7in sab\u0131rs\u0131zlan\u0131yoruz.[\/vc_custom_heading][vc_empty_space empty_h=&#8221;4&#8243; medium_visibility=&#8221;yes&#8221; mobile_visibility=&#8221;yes&#8221;][vc_button size=&#8221;btn-link&#8221; link=&#8221;url:https%3A%2F%2Fbatibulvardent.com%2Ftr%2F|title:ANASAYFA&#8221; icon=&#8221;fa fa-arrow-left2&#8243; uncode_shortcode_id=&#8221;584692&#8243;]Anasayfa[\/vc_button][\/vc_column_inner][\/vc_row_inner][vc_separator sep_color=&#8221;,Default&#8221;][vc_row_inner row_inner_height_percent=&#8221;0&#8243; overlay_alpha=&#8221;50&#8243; gutter_size=&#8221;3&#8243; shift_y=&#8221;0&#8243; limit_content=&#8221;&#8221;][vc_column_inner column_width_percent=&#8221;100&#8243; position_vertical=&#8221;middle&#8221; gutter_size=&#8221;3&#8243; style=&#8221;dark&#8221; overlay_alpha=&#8221;50&#8243; shift_x=&#8221;0&#8243; shift_y=&#8221;0&#8243; z_index=&#8221;0&#8243; medium_width=&#8221;4&#8243; width=&#8221;1\/2&#8243;][vc_button size=&#8221;link&#8221; btn_link_size=&#8221;h2&#8243; custom_typo=&#8221;yes&#8221; font_family=&#8221;font-136269&#8243; font_weight=&#8221;400&#8243; letter_spacing=&#8221;fontspace-781688&#8243; display=&#8221;inline&#8221; link=&#8221;url:mailto%3Ainfo%40batibulvardent.com&#8221; uncode_shortcode_id=&#8221;154900&#8243;]\u2014 Bize ula\u015f\u0131n[\/vc_button][vc_button size=&#8221;link&#8221; btn_link_size=&#8221;h2&#8243; custom_typo=&#8221;yes&#8221; font_family=&#8221;font-136269&#8243; font_weight=&#8221;400&#8243; letter_spacing=&#8221;fontspace-781688&#8243; display=&#8221;inline&#8221; link=&#8221;url:tel%3A%2B903123872284&#8243; uncode_shortcode_id=&#8221;158513&#8243;]\u2014 T: +90 (312) 387 22 84[\/vc_button][vc_button size=&#8221;link&#8221; btn_link_size=&#8221;h2&#8243; custom_typo=&#8221;yes&#8221; font_family=&#8221;font-136269&#8243; font_weight=&#8221;400&#8243; letter_spacing=&#8221;fontspace-781688&#8243; display=&#8221;inline&#8221; link=&#8221;url:tel%3A%2B905533186092&#8243; uncode_shortcode_id=&#8221;865182&#8243;]\u2014 M: +90 (553) 318 60 92[\/vc_button][\/vc_column_inner][vc_column_inner column_width_percent=&#8221;100&#8243; position_vertical=&#8221;middle&#8221; align_horizontal=&#8221;align_right&#8221; gutter_size=&#8221;3&#8243; style=&#8221;dark&#8221; overlay_alpha=&#8221;50&#8243; shift_x=&#8221;0&#8243; shift_y=&#8221;0&#8243; z_index=&#8221;0&#8243; medium_width=&#8221;4&#8243; align_mobile=&#8221;align_left_mobile&#8221; width=&#8221;1\/2&#8243;][vc_icon display=&#8221;inline&#8221; icon=&#8221;fa fa-instagram&#8221; size=&#8221;fa-2x&#8221; link=&#8221;url:%23|target:_blank&#8221; uncode_shortcode_id=&#8221;172826&#8243;][\/vc_icon][vc_icon display=&#8221;inline&#8221; icon=&#8221;fa fa-social-facebook&#8221; size=&#8221;fa-2x&#8221; link=&#8221;url:%23|target:_blank&#8221; uncode_shortcode_id=&#8221;172542&#8243;][\/vc_icon][vc_icon display=&#8221;inline&#8221; icon=&#8221;fa fa-social-twitter&#8221; size=&#8221;fa-2x&#8221; link=&#8221;url:%23|target:_blank&#8221; uncode_shortcode_id=&#8221;823321&#8243;][\/vc_icon][\/vc_column_inner][\/vc_row_inner][\/vc_column][\/vc_row][vc_row unlock_row_content=&#8221;yes&#8221; row_height_percent=&#8221;100&#8243; override_padding=&#8221;yes&#8221; h_padding=&#8221;0&#8243; top_padding=&#8221;0&#8243; bottom_padding=&#8221;0&#8243; back_image=&#8221;119825&#8243; back_position=&#8221;center center&#8221; overlay_alpha=&#8221;50&#8243; equal_height=&#8221;yes&#8221; gutter_size=&#8221;0&#8243; column_width_percent=&#8221;100&#8243; shift_y=&#8221;0&#8243; z_index=&#8221;0&#8243; uncode_shortcode_id=&#8221;470859&#8243;][vc_column column_width_percent=&#8221;60&#8243; position_vertical=&#8221;middle&#8221; gutter_size=&#8221;1&#8243; override_padding=&#8221;yes&#8221; column_padding=&#8221;4&#8243; style=&#8221;dark&#8221; overlay_alpha=&#8221;50&#8243; shift_x=&#8221;0&#8243; shift_y=&#8221;0&#8243; shift_y_down=&#8221;0&#8243; z_index=&#8221;0&#8243; medium_width=&#8221;0&#8243; mobile_width=&#8221;0&#8243; width=&#8221;1\/1&#8243; mobile_height=&#8221;360&#8243; uncode_shortcode_id=&#8221;669536&#8243;][vc_row_inner row_inner_height_percent=&#8221;0&#8243; back_color=&#8221;color-xsdn&#8221; overlay_alpha=&#8221;50&#8243; gutter_size=&#8221;3&#8243; shift_y=&#8221;0&#8243; z_index=&#8221;0&#8243; uncode_shortcode_id=&#8221;921162&#8243; back_color_type=&#8221;uncode-palette&#8221; limit_content=&#8221;&#8221;][vc_column_inner column_width_percent=&#8221;100&#8243; gutter_size=&#8221;3&#8243; override_padding=&#8221;yes&#8221; column_padding=&#8221;3&#8243; overlay_alpha=&#8221;50&#8243; shift_x=&#8221;0&#8243; shift_y=&#8221;0&#8243; shift_y_down=&#8221;0&#8243; z_index=&#8221;0&#8243; medium_width=&#8221;0&#8243; mobile_width=&#8221;0&#8243; width=&#8221;1\/2&#8243; uncode_shortcode_id=&#8221;161849&#8243;]\n<div class=\"wpcf7 no-js\" id=\"wpcf7-f120849-o1\" lang=\"en-US\" dir=\"ltr\" data-wpcf7-id=\"120849\">\n<div class=\"screen-reader-response\"><p role=\"status\" aria-live=\"polite\" aria-atomic=\"true\"><\/p> <ul><\/ul><\/div>\n<form action=\"\/tr\/wp-json\/wp\/v2\/pages\/120760#wpcf7-f120849-o1\" method=\"post\" class=\"wpcf7-form init\" aria-label=\"Contact form\" novalidate=\"novalidate\" data-status=\"init\">\n<div style=\"display: none;\">\n<input type=\"hidden\" name=\"_wpcf7\" value=\"120849\" \/>\n<input type=\"hidden\" name=\"_wpcf7_version\" value=\"6.0.6\" \/>\n<input type=\"hidden\" name=\"_wpcf7_locale\" value=\"en_US\" \/>\n<input type=\"hidden\" name=\"_wpcf7_unit_tag\" value=\"wpcf7-f120849-o1\" \/>\n<input type=\"hidden\" name=\"_wpcf7_container_post\" value=\"0\" \/>\n<input type=\"hidden\" name=\"_wpcf7_posted_data_hash\" value=\"\" \/>\n<\/div>\n<p><label><br \/>\n<span class=\"wpcf7-form-control-wrap\" data-name=\"your-name\"><input size=\"40\" maxlength=\"400\" class=\"wpcf7-form-control wpcf7-text wpcf7-validates-as-required\" aria-required=\"true\" aria-invalid=\"false\" placeholder=\"Ad, Soyad *\" value=\"\" type=\"text\" name=\"your-name\" \/><\/span> <\/label>\n<\/p>\n<p><label><br \/>\n<span class=\"wpcf7-form-control-wrap\" data-name=\"your-email\"><input size=\"40\" maxlength=\"400\" class=\"wpcf7-form-control wpcf7-email wpcf7-validates-as-required wpcf7-text wpcf7-validates-as-email\" aria-required=\"true\" aria-invalid=\"false\" placeholder=\"E-Posta *\" value=\"\" type=\"email\" name=\"your-email\" \/><\/span> <\/label>\n<\/p>\n<p><label><br \/>\n<span class=\"wpcf7-form-control-wrap\" data-name=\"your-subject\"><input size=\"40\" maxlength=\"400\" class=\"wpcf7-form-control wpcf7-text\" aria-invalid=\"false\" placeholder=\"Konu\" value=\"\" type=\"text\" name=\"your-subject\" \/><\/span> <\/label>\n<\/p>\n<p><label><br \/>\n<span class=\"wpcf7-form-control-wrap\" data-name=\"your-message\"><textarea cols=\"40\" rows=\"10\" maxlength=\"2000\" minlength=\"10\" class=\"wpcf7-form-control wpcf7-textarea wpcf7-validates-as-required\" aria-required=\"true\" aria-invalid=\"false\" placeholder=\"Mesaj *\" name=\"your-message\"><\/textarea><\/span> <\/label>\n<\/p>\n<p><span class=\"wpcf7-form-control-wrap\" data-name=\"accept-this-1\"><span class=\"wpcf7-form-control wpcf7-acceptance\"><span class=\"wpcf7-list-item\"><label><input type=\"checkbox\" name=\"accept-this-1\" value=\"1\" aria-invalid=\"false\" \/><span class=\"wpcf7-list-item-label\">\u015eartlar\u0131m\u0131z\u0131 kabul ediyorsan\u0131z buray\u0131 i\u015faretleyin (<a href=\"#gdpr_cookie_modal\">KVKK Gizlilik Politikas\u0131<\/a>)<\/span><\/label><\/span><\/span><\/span>\n<\/p>\n<p><input class=\"wpcf7-form-control wpcf7-submit has-spinner btn btn-accent btn-md btn-inherit font-weight-500\" type=\"submit\" value=\"G\u00d6NDER\" \/>\n<\/p><div class=\"wpcf7-response-output\" aria-hidden=\"true\"><\/div>\n<\/form>\n<\/div>\n[\/vc_column_inner][vc_column_inner column_width_percent=&#8221;100&#8243; gutter_size=&#8221;2&#8243; override_padding=&#8221;yes&#8221; column_padding=&#8221;3&#8243; back_color=&#8221;accent&#8221; overlay_alpha=&#8221;50&#8243; shift_x=&#8221;-3&#8243; shift_y=&#8221;4&#8243; shift_y_down=&#8221;0&#8243; z_index=&#8221;0&#8243; medium_width=&#8221;0&#8243; mobile_width=&#8221;0&#8243; width=&#8221;1\/2&#8243; uncode_shortcode_id=&#8221;722068&#8243; back_color_type=&#8221;uncode-palette&#8221;][vc_custom_heading text_color=&#8221;color-lxmt&#8221; heading_semantic=&#8221;h3&#8243; uncode_shortcode_id=&#8221;160304&#8243; text_color_type=&#8221;uncode-palette&#8221;]B\u0130ZE ULA\u015eMANIN EN KOLAY YOLU!..[\/vc_custom_heading][vc_column_text text_color=&#8221;color-lxmt&#8221; uncode_shortcode_id=&#8221;209501&#8243; text_color_type=&#8221;uncode-palette&#8221;]<strong>BATIBULVAR Di\u015f Klini\u011fi<\/strong><\/p>\n<p>Macun Mh. Bat\u0131 Bulvar\u0131, 177. Cd. No:28\/48 Yenimahalle\/Ankara<\/p>\n<p><strong>T:<\/strong> <a href=\"tel:+903123872284\">+90 (312) 387 22 84<\/a>\u00a0\u00a0\u00a0|\u00a0\u00a0\u00a0<strong>M:<\/strong> <a href=\"tel:+905533186092\">+90 (553) 318 60 92<\/a><\/p>\n<p><strong>E:<\/strong> info@batibulvardent.com[\/vc_column_text][\/vc_column_inner][\/vc_row_inner][\/vc_column][\/vc_row]<\/p>\n<\/div>","protected":false},"excerpt":{"rendered":"<p>[vc_row unlock_row_content=&#8221;yes&#8221; row_height_percent=&#8221;100&#8243; override_padding=&#8221;yes&#8221; h_padding=&#8221;0&#8243; top_padding=&#8221;0&#8243; bottom_padding=&#8221;0&#8243; back_color=&#8221;color-nhtu&#8221; back_image=&#8221;119564&#8243; overlay_alpha=&#8221;90&#8243; overlay_color_blend=&#8221;screen&#8221; gutter_size=&#8221;3&#8243; column_width_percent=&#8221;100&#8243; shift_y=&#8221;0&#8243; z_index=&#8221;0&#8243; enable_bottom_divider=&#8221;default&#8221; bottom_divider=&#8221;gradient&#8221; shape_bottom_h_use_pixel=&#8221;true&#8221; shape_bottom_height_percent=&#8221;100&#8243; shape_bottom_color=&#8221;color-nhtu&#8221; [&hellip;]<\/p>\n","protected":false},"author":1,"featured_media":0,"parent":0,"menu_order":0,"comment_status":"closed","ping_status":"closed","template":"","meta":{"inline_featured_image":false,"_locale":"tr_TR","_original_post":"https:\/\/batibulvardent.com\/demo-bb\/?page_id=119565","footnotes":"","_links_to":"","_links_to_target":""},"class_list":["post-120760","page","type-page","status-publish","hentry","tr-TR"],"yoast_head":"<!-- This site is optimized with the Yoast SEO plugin v26.9 - https:\/\/yoast.com\/product\/yoast-seo-wordpress\/ -->\n<title>BATIBULVAR DENT | \u0130leti\u015fim<\/title>\n<meta name=\"description\" content=\"Bize ula\u015fman\u0131n en kolay yolu!..\" \/>\n<meta name=\"robots\" content=\"index, follow, max-snippet:-1, max-image-preview:large, max-video-preview:-1\" \/>\n<link rel=\"canonical\" href=\"https:\/\/batibulvardent.com\/tr\/iletisim\/\" \/>\n<meta property=\"og:locale\" content=\"tr_TR\" \/>\n<meta property=\"og:type\" content=\"article\" \/>\n<meta property=\"og:title\" content=\"BATIBULVAR DENT | \u0130leti\u015fim\" \/>\n<meta property=\"og:description\" content=\"Bize ula\u015fman\u0131n en kolay yolu!..\" \/>\n<meta property=\"og:url\" content=\"https:\/\/batibulvardent.com\/tr\/iletisim\/\" \/>\n<meta property=\"og:site_name\" content=\"BATIBULVARDENT\" \/>\n<meta name=\"twitter:card\" content=\"summary_large_image\" \/>\n<meta name=\"twitter:label1\" content=\"Tahmini okuma s\u00fcresi\" \/>\n\t<meta name=\"twitter:data1\" content=\"2 dakika\" \/>\n<script type=\"application\/ld+json\" class=\"yoast-schema-graph\">{\"@context\":\"https:\/\/schema.org\",\"@graph\":[{\"@type\":\"WebPage\",\"@id\":\"https:\/\/batibulvardent.com\/tr\/iletisim\/\",\"url\":\"https:\/\/batibulvardent.com\/tr\/iletisim\/\",\"name\":\"BATIBULVAR DENT | \u0130leti\u015fim\",\"isPartOf\":{\"@id\":\"https:\/\/batibulvardent.com\/#website\"},\"datePublished\":\"2024-03-01T14:11:02+00:00\",\"description\":\"Bize ula\u015fman\u0131n en kolay yolu!..\",\"breadcrumb\":{\"@id\":\"https:\/\/batibulvardent.com\/tr\/iletisim\/#breadcrumb\"},\"inLanguage\":\"tr\",\"potentialAction\":[{\"@type\":\"ReadAction\",\"target\":[\"https:\/\/batibulvardent.com\/tr\/iletisim\/\"]}]},{\"@type\":\"BreadcrumbList\",\"@id\":\"https:\/\/batibulvardent.com\/tr\/iletisim\/#breadcrumb\",\"itemListElement\":[{\"@type\":\"ListItem\",\"position\":1,\"name\":\"Home\",\"item\":\"https:\/\/batibulvardent.com\/tr\/\"},{\"@type\":\"ListItem\",\"position\":2,\"name\":\"\u0130LET\u0130\u015e\u0130M\"}]},{\"@type\":\"WebSite\",\"@id\":\"https:\/\/batibulvardent.com\/#website\",\"url\":\"https:\/\/batibulvardent.com\/\",\"name\":\"BATIBULVAR DENT\",\"description\":\"The Future of Dental Health\",\"publisher\":{\"@id\":\"https:\/\/batibulvardent.com\/#organization\"},\"potentialAction\":[{\"@type\":\"SearchAction\",\"target\":{\"@type\":\"EntryPoint\",\"urlTemplate\":\"https:\/\/batibulvardent.com\/?s={search_term_string}\"},\"query-input\":{\"@type\":\"PropertyValueSpecification\",\"valueRequired\":true,\"valueName\":\"search_term_string\"}}],\"inLanguage\":\"tr\"},{\"@type\":\"Organization\",\"@id\":\"https:\/\/batibulvardent.com\/#organization\",\"name\":\"The Future of Dental Health\",\"url\":\"https:\/\/batibulvardent.com\/\",\"logo\":{\"@type\":\"ImageObject\",\"inLanguage\":\"tr\",\"@id\":\"https:\/\/batibulvardent.com\/#\/schema\/logo\/image\/\",\"url\":\"https:\/\/batibulvardent.com\/wp-content\/uploads\/2023\/06\/favicon.png\",\"contentUrl\":\"https:\/\/batibulvardent.com\/wp-content\/uploads\/2023\/06\/favicon.png\",\"width\":512,\"height\":512,\"caption\":\"The Future of Dental Health\"},\"image\":{\"@id\":\"https:\/\/batibulvardent.com\/#\/schema\/logo\/image\/\"},\"sameAs\":[\"https:\/\/www.instagram.com\/batibulvardisklinigi\"]}]}<\/script>\n<!-- \/ Yoast SEO plugin. -->","yoast_head_json":{"title":"BATIBULVAR DENT | \u0130leti\u015fim","description":"Bize ula\u015fman\u0131n en kolay yolu!..","robots":{"index":"index","follow":"follow","max-snippet":"max-snippet:-1","max-image-preview":"max-image-preview:large","max-video-preview":"max-video-preview:-1"},"canonical":"https:\/\/batibulvardent.com\/tr\/iletisim\/","og_locale":"tr_TR","og_type":"article","og_title":"BATIBULVAR DENT | \u0130leti\u015fim","og_description":"Bize ula\u015fman\u0131n en kolay yolu!..","og_url":"https:\/\/batibulvardent.com\/tr\/iletisim\/","og_site_name":"BATIBULVARDENT","twitter_card":"summary_large_image","twitter_misc":{"Tahmini okuma s\u00fcresi":"2 dakika"},"schema":{"@context":"https:\/\/schema.org","@graph":[{"@type":"WebPage","@id":"https:\/\/batibulvardent.com\/tr\/iletisim\/","url":"https:\/\/batibulvardent.com\/tr\/iletisim\/","name":"BATIBULVAR DENT | \u0130leti\u015fim","isPartOf":{"@id":"https:\/\/batibulvardent.com\/#website"},"datePublished":"2024-03-01T14:11:02+00:00","description":"Bize ula\u015fman\u0131n en kolay yolu!..","breadcrumb":{"@id":"https:\/\/batibulvardent.com\/tr\/iletisim\/#breadcrumb"},"inLanguage":"tr","potentialAction":[{"@type":"ReadAction","target":["https:\/\/batibulvardent.com\/tr\/iletisim\/"]}]},{"@type":"BreadcrumbList","@id":"https:\/\/batibulvardent.com\/tr\/iletisim\/#breadcrumb","itemListElement":[{"@type":"ListItem","position":1,"name":"Home","item":"https:\/\/batibulvardent.com\/tr\/"},{"@type":"ListItem","position":2,"name":"\u0130LET\u0130\u015e\u0130M"}]},{"@type":"WebSite","@id":"https:\/\/batibulvardent.com\/#website","url":"https:\/\/batibulvardent.com\/","name":"BATIBULVAR DENT","description":"The Future of Dental Health","publisher":{"@id":"https:\/\/batibulvardent.com\/#organization"},"potentialAction":[{"@type":"SearchAction","target":{"@type":"EntryPoint","urlTemplate":"https:\/\/batibulvardent.com\/?s={search_term_string}"},"query-input":{"@type":"PropertyValueSpecification","valueRequired":true,"valueName":"search_term_string"}}],"inLanguage":"tr"},{"@type":"Organization","@id":"https:\/\/batibulvardent.com\/#organization","name":"The Future of Dental Health","url":"https:\/\/batibulvardent.com\/","logo":{"@type":"ImageObject","inLanguage":"tr","@id":"https:\/\/batibulvardent.com\/#\/schema\/logo\/image\/","url":"https:\/\/batibulvardent.com\/wp-content\/uploads\/2023\/06\/favicon.png","contentUrl":"https:\/\/batibulvardent.com\/wp-content\/uploads\/2023\/06\/favicon.png","width":512,"height":512,"caption":"The Future of Dental Health"},"image":{"@id":"https:\/\/batibulvardent.com\/#\/schema\/logo\/image\/"},"sameAs":["https:\/\/www.instagram.com\/batibulvardisklinigi"]}]}},"_links":{"self":[{"href":"https:\/\/batibulvardent.com\/wp-json\/wp\/v2\/pages\/120760","targetHints":{"allow":["GET"]}}],"collection":[{"href":"https:\/\/batibulvardent.com\/wp-json\/wp\/v2\/pages"}],"about":[{"href":"https:\/\/batibulvardent.com\/wp-json\/wp\/v2\/types\/page"}],"author":[{"embeddable":true,"href":"https:\/\/batibulvardent.com\/wp-json\/wp\/v2\/users\/1"}],"replies":[{"embeddable":true,"href":"https:\/\/batibulvardent.com\/wp-json\/wp\/v2\/comments?post=120760"}],"version-history":[{"count":5,"href":"https:\/\/batibulvardent.com\/wp-json\/wp\/v2\/pages\/120760\/revisions"}],"predecessor-version":[{"id":120901,"href":"https:\/\/batibulvardent.com\/wp-json\/wp\/v2\/pages\/120760\/revisions\/120901"}],"wp:attachment":[{"href":"https:\/\/batibulvardent.com\/wp-json\/wp\/v2\/media?parent=120760"}],"curies":[{"name":"wp","href":"https:\/\/api.w.org\/{rel}","templated":true}]}}