{"id":120762,"date":"2024-03-01T17:11:02","date_gmt":"2024-03-01T14:11:02","guid":{"rendered":"https:\/\/batibulvardent.com\/?page_id=120762"},"modified":"2024-03-01T17:11:02","modified_gmt":"2024-03-01T14:11:02","slug":"sss","status":"publish","type":"page","link":"https:\/\/batibulvardent.com\/tr\/sss\/","title":{"rendered":"SSS"},"content":{"rendered":"<div class=\"wpb-content-wrapper\"><p>[vc_row unlock_row_content=&#8221;yes&#8221; row_height_percent=&#8221;100&#8243; back_image=&#8221;119544&#8243; kburns=&#8221;magnetic&#8221; overlay_color=&#8221;color-482803&#8243; overlay_alpha=&#8221;0&#8243; gutter_size=&#8221;100&#8243; column_width_percent=&#8221;100&#8243; shift_y=&#8221;0&#8243; z_index=&#8221;0&#8243; inverted_device_order=&#8221;yes&#8221; style=&#8221;inherited&#8221; uncode_shortcode_id=&#8221;683871&#8243; overlay_color_type=&#8221;uncode-palette&#8221;][vc_column column_width_use_pixel=&#8221;yes&#8221; gutter_size=&#8221;3&#8243; overlay_alpha=&#8221;50&#8243; shift_x=&#8221;0&#8243; shift_y=&#8221;0&#8243; medium_width=&#8221;0&#8243; zoom_width=&#8221;0&#8243; zoom_height=&#8221;0&#8243; width=&#8221;1\/4&#8243; column_width_pixel=&#8221;800&#8243;][\/vc_column][vc_column column_width_percent=&#8221;100&#8243; position_vertical=&#8221;middle&#8221; gutter_size=&#8221;3&#8243; override_padding=&#8221;yes&#8221; column_padding=&#8221;3&#8243; style=&#8221;dark&#8221; overlay_alpha=&#8221;80&#8243; shift_x=&#8221;0&#8243; shift_y=&#8221;0&#8243; shift_y_down=&#8221;0&#8243; z_index=&#8221;0&#8243; medium_width=&#8221;0&#8243; mobile_width=&#8221;0&#8243; parallax_intensity=&#8221;8&#8243; parallax_centered=&#8221;yes&#8221; width=&#8221;1\/2&#8243; uncode_shortcode_id=&#8221;780019&#8243; back_color_type=&#8221;uncode-gradient&#8221; back_color_gradient=&#8221;{&#8220;css&#8220;:&#8220;background: linear-gradient(to bottom , rgb(77, 0, 139) , rgb(38, 0, 141) 100%);&#8220;,&#8220;sliders&#8220;:`{`{&#8220;color&#8220;:&#8220;rgb(77, 0, 139)&#8220;,&#8220;position&#8220;:0},{&#8220;color&#8220;:&#8220;rgb(38, 0, 141)&#8220;,&#8220;position&#8220;:100}`}`,&#8220;type&#8220;:&#8220;linear&#8220;,&#8220;direction&#8220;:&#8220;top&#8220;}&#8221;][vc_accordion history=&#8221;yes&#8221; target=&#8221;row&#8221; typography=&#8221;yes&#8221;][vc_accordion_tab icon=&#8221;fa fa-check&#8221; gutter_size=&#8221;2&#8243; column_padding=&#8221;2&#8243; title=&#8221;\u0130MPLANTLAR \u00d6M\u00dcR BOYU KULLANILAB\u0130L\u0130R M\u0130?&#8221; tab_id=&#8221;d21d5937-3bb0-216847558293481689854393118&#8243; slug=&#8221;faq_6&#8243;][vc_column_text uncode_shortcode_id=&#8221;156527&#8243;]\u0130mplant\u0131n \u00f6mr\u00fc bir\u00e7ok etkene ba\u011fl\u0131d\u0131r. Hastaya uygun implant se\u00e7ildikten sonra bu implant\u0131n uygun cerrahi teknikle yerle\u015ftilmesi ve sonras\u0131nda do\u011fru bir protez planlamas\u0131 yap\u0131lmas\u0131 \u00f6nemli fakt\u00f6rlerdir. Hastan\u0131n protezini ve implant\u0131n\u0131 kullanmaya ba\u015flad\u0131ktan sonraki s\u00fcre\u00e7te, d\u00fczenli olarak hekim kontrollerine gelmesi ve iyi bir a\u011f\u0131z bak\u0131m\u0131 ile implantlar \u00f6m\u00fcr boyu kullan\u0131labilir.[\/vc_column_text][\/vc_accordion_tab][vc_accordion_tab icon=&#8221;fa fa-check&#8221; gutter_size=&#8221;2&#8243; column_padding=&#8221;2&#8243; title=&#8221;\u0130MPLANT \u0130\u00c7\u0130N YA\u015e SINIRI VAR MIDIR?&#8221; tab_id=&#8221;d21d5937-3bb0-216847558293481689854393118&#8243; slug=&#8221;faq_7&#8243;][vc_column_text css_animation=&#8221;alpha-anim&#8221; uncode_shortcode_id=&#8221;750440&#8243;]\u0130mplant i\u00e7in ortalama taban ya\u015f s\u0131n\u0131r\u0131m\u0131z 18&#8217;dir. Burada ama\u00e7 b\u00fcy\u00fcme ve kemik geli\u015fiminin tamamlanm\u0131\u015f olmas\u0131d\u0131r. \u00dcst ya\u015f s\u0131n\u0131r\u0131 ise hastan\u0131n kemik d\u00fczeyi ve sistemik durumu izin verdi\u011fi \u00f6l\u00e7\u00fcde s\u0131n\u0131rs\u0131z diyebiliriz.[\/vc_column_text][\/vc_accordion_tab][vc_accordion_tab icon=&#8221;fa fa-check&#8221; gutter_size=&#8221;2&#8243; column_padding=&#8221;2&#8243; title=&#8221;\u0130MPLANT SONRASI BAKIM NASIL OLMALI?&#8221; tab_id=&#8221;d21d5937-3bb0-216847558293481689854393118&#8243; slug=&#8221;faq_8&#8243;][vc_column_text css_animation=&#8221;alpha-anim&#8221; uncode_shortcode_id=&#8221;320157&#8243;]\u0130mplant sonras\u0131 a\u011f\u0131z bak\u0131m\u0131 asl\u0131nda hastan\u0131n do\u011fal di\u015flerine bak\u0131m\u0131ndan \u00e7ok farkl\u0131 de\u011fildir. Hasta g\u00fcnde iki defa di\u015flerini f\u0131r\u00e7alamal\u0131, implant yap\u0131lan di\u015flerinin ara y\u00fczlerini do\u011fal di\u015flerimizde oldu\u011fu gibi; ara y\u00fcz f\u0131r\u00e7alar\u0131, a\u011f\u0131z du\u015flar\u0131 ya da di\u015f ipleriyle temizlemelidir.[\/vc_column_text][\/vc_accordion_tab][vc_accordion_tab icon=&#8221;fa fa-check&#8221; gutter_size=&#8221;2&#8243; column_padding=&#8221;2&#8243; title=&#8221;\u0130MPLANT TEDAV\u0130S\u0130 A\u011eRILI B\u0130R \u0130\u015eLEM M\u0130D\u0130R?&#8221; tab_id=&#8221;d21d5937-3bb0-216847558293481689854393118&#8243; slug=&#8221;faq_9&#8243;][vc_column_text css_animation=&#8221;alpha-anim&#8221; uncode_shortcode_id=&#8221;779141&#8243;]\u0130mplant tedavisi lokal anestezi alt\u0131nda yap\u0131lan bir i\u015flem oldu\u011fu i\u00e7in i\u015flem s\u0131ras\u0131nda hasta herhangi bir a\u011fr\u0131 duymaz. \u0130\u015flem sonras\u0131nda ise hastalara gerekli ila\u00e7 deste\u011fi yap\u0131ld\u0131\u011f\u0131 i\u00e7in hasta, operasyon sonras\u0131 s\u00fcreci de a\u011fr\u0131s\u0131z olarak ge\u00e7irebilir.[\/vc_column_text][\/vc_accordion_tab][vc_accordion_tab icon=&#8221;fa fa-check&#8221; gutter_size=&#8221;2&#8243; column_padding=&#8221;2&#8243; title=&#8221;\u0130MPLANT TEDAV\u0130S\u0130N\u0130N AVANTAJLARI NELERD\u0130R?&#8221; tab_id=&#8221;d21d5937-3bb0-216847558293481689854393118&#8243; slug=&#8221;faq_10&#8243;][vc_column_text css_animation=&#8221;alpha-anim&#8221; uncode_shortcode_id=&#8221;608244&#8243;]\u0130mplant tedavilerinde eksik di\u015flerin tamamlanmas\u0131 hedeflenir. Di\u015f kayb\u0131ndan kaynaklanan her t\u00fcrl\u00fc fonksiyonel ve estetik soruna \u00e7\u00f6z\u00fcm sunmas\u0131 a\u00e7\u0131s\u0131ndan implant tedavileri ideal bir di\u015f sa\u011fl\u0131\u011f\u0131 i\u00e7in b\u00fcy\u00fck \u00f6nem ta\u015f\u0131r.[\/vc_column_text][\/vc_accordion_tab][\/vc_accordion][\/vc_column][vc_column width=&#8221;1\/4&#8243;][\/vc_column][\/vc_row][vc_row unlock_row_content=&#8221;yes&#8221; row_height_percent=&#8221;100&#8243; back_image=&#8221;119545&#8243; kburns=&#8221;magnetic&#8221; overlay_alpha=&#8221;0&#8243; gutter_size=&#8221;100&#8243; column_width_percent=&#8221;100&#8243; shift_y=&#8221;0&#8243; z_index=&#8221;0&#8243; inverted_device_order=&#8221;yes&#8221; auto_height_device=&#8221;yes&#8221; style=&#8221;inherited&#8221; uncode_shortcode_id=&#8221;177954&#8243; overlay_color_type=&#8221;uncode-solid&#8221; overlay_color_solid=&#8221;#ff0066&#8243;][vc_column column_width_use_pixel=&#8221;yes&#8221; gutter_size=&#8221;3&#8243; overlay_alpha=&#8221;50&#8243; shift_x=&#8221;0&#8243; shift_y=&#8221;0&#8243; medium_width=&#8221;0&#8243; zoom_width=&#8221;0&#8243; zoom_height=&#8221;0&#8243; width=&#8221;1\/4&#8243; column_width_pixel=&#8221;800&#8243;][\/vc_column][vc_column column_width_percent=&#8221;100&#8243; position_vertical=&#8221;middle&#8221; gutter_size=&#8221;3&#8243; override_padding=&#8221;yes&#8221; column_padding=&#8221;3&#8243; style=&#8221;dark&#8221; overlay_alpha=&#8221;80&#8243; shift_x=&#8221;0&#8243; shift_y=&#8221;0&#8243; shift_y_down=&#8221;0&#8243; z_index=&#8221;0&#8243; medium_width=&#8221;0&#8243; mobile_width=&#8221;0&#8243; parallax_intensity=&#8221;8&#8243; parallax_centered=&#8221;yes&#8221; width=&#8221;1\/2&#8243; uncode_shortcode_id=&#8221;131200&#8243; back_color_type=&#8221;uncode-gradient&#8221; back_color_gradient=&#8221;{&#8220;css&#8220;:&#8220;background: linear-gradient(to bottom , rgb(255, 126, 9) , rgb(163, 63, 0) 100%);&#8220;,&#8220;sliders&#8220;:`{`{&#8220;color&#8220;:&#8220;rgb(255, 126, 9)&#8220;,&#8220;position&#8220;:0},{&#8220;color&#8220;:&#8220;rgb(163, 63, 0)&#8220;,&#8220;position&#8220;:100}`}`,&#8220;type&#8220;:&#8220;linear&#8220;,&#8220;direction&#8220;:&#8220;top&#8220;}&#8221;][vc_accordion history=&#8221;yes&#8221; target=&#8221;row&#8221; typography=&#8221;yes&#8221;][vc_accordion_tab icon=&#8221;fa fa-check&#8221; gutter_size=&#8221;2&#8243; column_padding=&#8221;2&#8243; title=&#8221;K\u0130MLER \u0130MPLANT TEDAV\u0130S\u0130 YAPTIRAB\u0130L\u0130R?&#8221; tab_id=&#8221;d21d5937-3bb0-216847558293481689854393190&#8243; slug=&#8221;faq_1&#8243;][vc_column_text uncode_shortcode_id=&#8221;177898&#8243;]Kontroll\u00fc sistemik bir rahats\u0131zl\u0131\u011f\u0131 olsa dahi yeterli kemik uzunlu\u011funa ve geni\u015fli\u011fine sahip olan herkes implant tedavisi yapt\u0131rabilir.[\/vc_column_text][\/vc_accordion_tab][vc_accordion_tab icon=&#8221;fa fa-check&#8221; gutter_size=&#8221;2&#8243; column_padding=&#8221;2&#8243; title=&#8221;\u0130MPLANT TEDAV\u0130S\u0130 PAHALI B\u0130R TEDAV\u0130 M\u0130D\u0130R?&#8221; tab_id=&#8221;d21d5937-3bb0-216847558293481689854393190&#8243; slug=&#8221;faq_2&#8243;][vc_column_text css_animation=&#8221;alpha-anim&#8221; uncode_shortcode_id=&#8221;254780&#8243;]Zannedilenin aksine implant tedavisi, hastan\u0131n b\u00fct\u00e7esine g\u00f6re \u00f6zelle\u015ftirilebilir alternatifleri olan bir prosed\u00fcre sahiptir. Piyasa bulunan farkl\u0131 implant t\u00fcrleri olmas\u0131ndan kaynakl\u0131, se\u00e7ilen implant t\u00fcr\u00fcne g\u00f6re fiyatland\u0131rmalarda de\u011fi\u015fiklikler olabilmektedir.[\/vc_column_text][\/vc_accordion_tab][vc_accordion_tab icon=&#8221;fa fa-check&#8221; gutter_size=&#8221;2&#8243; column_padding=&#8221;2&#8243; title=&#8221;KRON\u0130K HASTALI\u011eI OLAN HASTALAR \u0130MPLANT TEDAV\u0130S\u0130 YAPTIRAB\u0130L\u0130RLER M\u0130?&#8221; tab_id=&#8221;d21d5937-3bb0-216847558293481689854393190&#8243; slug=&#8221;faq_3&#8243;][vc_column_text css_animation=&#8221;alpha-anim&#8221; uncode_shortcode_id=&#8221;119565&#8243;]Diyabet gibi iyile\u015fme s\u00fcrecini uzatan benzer hastal\u0131klarda ekstra \u00f6zen g\u00f6sterilmelidir. Bunun gibi hastal\u0131klarda i\u015flem ancak doktorun onay\u0131 ile ba\u015flayabilir.[\/vc_column_text][\/vc_accordion_tab][vc_accordion_tab icon=&#8221;fa fa-check&#8221; gutter_size=&#8221;2&#8243; column_padding=&#8221;2&#8243; title=&#8221;\u0130MPLANT TEDAV\u0130S\u0130 NE KADAR S\u00dcRER?&#8221; tab_id=&#8221;d21d5937-3bb0-216847558293481689854393190&#8243; slug=&#8221;faq_4&#8243;][vc_column_text css_animation=&#8221;alpha-anim&#8221; uncode_shortcode_id=&#8221;342448&#8243;]Kullan\u0131lan implant markas\u0131n\u0131n t\u00fcr\u00fcne ba\u011fl\u0131 olarak tedavinin s\u00fcreci farkl\u0131l\u0131k g\u00f6sterse bile ortalama tedavinin s\u00fcreci 1-3 ay aral\u0131\u011f\u0131ndad\u0131r.[\/vc_column_text][\/vc_accordion_tab][vc_accordion_tab icon=&#8221;fa fa-check&#8221; gutter_size=&#8221;2&#8243; column_padding=&#8221;2&#8243; title=&#8221;HANG\u0130 \u0130MPLANT MARKASINI TERC\u0130H ETMEL\u0130Y\u0130M?&#8221; tab_id=&#8221;d21d5937-3bb0-216847558293481689854393190&#8243; slug=&#8221;faq_5&#8243;][vc_column_text css_animation=&#8221;alpha-anim&#8221; uncode_shortcode_id=&#8221;981147&#8243;]Piyasada birden fazla yerli ve yabanc\u0131 implant markas\u0131 bulunmakta. Tedavinize en iyi uyacak implant markas\u0131n\u0131 se\u00e7erken g\u00fcvendi\u011finiz doktorunuza dan\u0131\u015f\u0131p ona g\u00f6re karar vermelisiniz.[\/vc_column_text][\/vc_accordion_tab][\/vc_accordion][\/vc_column][vc_column width=&#8221;1\/4&#8243;][\/vc_column][\/vc_row][vc_row unlock_row_content=&#8221;yes&#8221; row_height_percent=&#8221;100&#8243; back_image=&#8221;119541&#8243; kburns=&#8221;magnetic&#8221; overlay_alpha=&#8221;0&#8243; gutter_size=&#8221;100&#8243; column_width_percent=&#8221;100&#8243; shift_y=&#8221;0&#8243; z_index=&#8221;0&#8243; inverted_device_order=&#8221;yes&#8221; auto_height_device=&#8221;yes&#8221; style=&#8221;inherited&#8221; uncode_shortcode_id=&#8221;211755&#8243; overlay_color_type=&#8221;uncode-solid&#8221; overlay_color_solid=&#8221;#007bff&#8221;][vc_column column_width_use_pixel=&#8221;yes&#8221; gutter_size=&#8221;3&#8243; overlay_alpha=&#8221;50&#8243; shift_x=&#8221;0&#8243; shift_y=&#8221;0&#8243; medium_width=&#8221;0&#8243; zoom_width=&#8221;0&#8243; zoom_height=&#8221;0&#8243; width=&#8221;1\/4&#8243; column_width_pixel=&#8221;800&#8243;][\/vc_column][vc_column column_width_percent=&#8221;100&#8243; position_vertical=&#8221;middle&#8221; gutter_size=&#8221;3&#8243; override_padding=&#8221;yes&#8221; column_padding=&#8221;3&#8243; style=&#8221;dark&#8221; overlay_alpha=&#8221;80&#8243; shift_x=&#8221;0&#8243; shift_y=&#8221;0&#8243; shift_y_down=&#8221;0&#8243; z_index=&#8221;0&#8243; medium_width=&#8221;0&#8243; mobile_width=&#8221;0&#8243; parallax_intensity=&#8221;8&#8243; parallax_centered=&#8221;yes&#8221; width=&#8221;1\/2&#8243; uncode_shortcode_id=&#8221;176541&#8243; back_color_type=&#8221;uncode-gradient&#8221; back_color_gradient=&#8221;{&#8220;css&#8220;:&#8220;background: linear-gradient(to bottom , rgb(0, 134, 191) , rgb(0, 66, 141) 100%);&#8220;,&#8220;sliders&#8220;:`{`{&#8220;color&#8220;:&#8220;rgb(0, 134, 191)&#8220;,&#8220;position&#8220;:0},{&#8220;color&#8220;:&#8220;rgb(0, 66, 141)&#8220;,&#8220;position&#8220;:100}`}`,&#8220;type&#8220;:&#8220;linear&#8220;,&#8220;direction&#8220;:&#8220;top&#8220;}&#8221;][vc_accordion history=&#8221;yes&#8221; target=&#8221;row&#8221; typography=&#8221;yes&#8221;][vc_accordion_tab icon=&#8221;fa fa-check&#8221; gutter_size=&#8221;2&#8243; column_padding=&#8221;2&#8243; title=&#8221;\u015eEFFAF PLAK TEDAV\u0130S\u0130 NED\u0130R?&#8221; tab_id=&#8221;d21d5937-3bb0-216847558293481689854393278&#8243; slug=&#8221;faq_11&#8243;][vc_column_text uncode_shortcode_id=&#8221;120906&#8243;]\u015eeffaf plak tedavisi, di\u015flerdeki d\u00fczensizliklerin bilgisayar destekli ortodontik tedavi y\u00f6ntemleri kullan\u0131larak g\u00f6r\u00fcnmez \u015feffaf plaklarla d\u00fczeltildi\u011fi bir i\u015flemdir.[\/vc_column_text][\/vc_accordion_tab][vc_accordion_tab icon=&#8221;fa fa-check&#8221; gutter_size=&#8221;2&#8243; column_padding=&#8221;2&#8243; title=&#8221;\u015eEFFAF PLAKLARIN GELENEKSEL D\u0130\u015e TEDAV\u0130LER\u0130NE KIYASLA AVANTAJLARI NELERD\u0130R?&#8221; tab_id=&#8221;d21d5937-3bb0-216847558293481689854393278&#8243; slug=&#8221;faq_12&#8243;][vc_column_text css_animation=&#8221;alpha-anim&#8221; uncode_shortcode_id=&#8221;146517&#8243;]\u015eeffaf plaklar estetik a\u00e7\u0131dan b\u00fcy\u00fck rahatl\u0131k sa\u011flar ve \u00e7\u0131kar\u0131labilir olmas\u0131 sayesinde yemek saatlerinde hastalar i\u00e7in kolayl\u0131k sa\u011flar. Ayr\u0131ca plaklar temizlik i\u00e7in \u00e7\u0131kar\u0131larak bo\u015fluklar\u0131n ve di\u015f eti problemlerinin \u00f6nlenmesine de yard\u0131mc\u0131 olur. Ayr\u0131ca \u015feffaf plak tedavisi tipik olarak di\u015f hekiminde ge\u00e7irilen s\u00fcreyi daha aza indirir.[\/vc_column_text][\/vc_accordion_tab][vc_accordion_tab icon=&#8221;fa fa-check&#8221; gutter_size=&#8221;2&#8243; column_padding=&#8221;2&#8243; title=&#8221;\u015eEFFAF PLAK TEDAV\u0130S\u0130 NE KADAR S\u00dcRER?&#8221; tab_id=&#8221;d21d5937-3bb0-216847558293481689854393278&#8243; slug=&#8221;faq_13&#8243;][vc_column_text css_animation=&#8221;alpha-anim&#8221; uncode_shortcode_id=&#8221;107374&#8243;]\u015eeffaf plak tedavisinin s\u00fcresi, vakan\u0131n karma\u015f\u0131kl\u0131\u011f\u0131na g\u00f6re de\u011fi\u015fir. Durum ne kadar karma\u015f\u0131ksa, tedavi s\u00fcresini uzatabilecek daha fazla plak gerekir.[\/vc_column_text][\/vc_accordion_tab][vc_accordion_tab icon=&#8221;fa fa-check&#8221; gutter_size=&#8221;2&#8243; column_padding=&#8221;2&#8243; title=&#8221;\u015eEFFAF PLAKLAR \u00c7OCUKLAR \u0130\u00c7\u0130N UYGUN MUDUR?&#8221; tab_id=&#8221;d21d5937-3bb0-216847558293481689854393278&#8243; slug=&#8221;faq_14&#8243;][vc_column_text css_animation=&#8221;alpha-anim&#8221; uncode_shortcode_id=&#8221;160123&#8243;]\u015eeffaf plak tedavisi, normal ba\u015flang\u0131\u00e7 ya\u015f\u0131 7 civar\u0131nda olan \u00e7ocuklar i\u00e7in uygundur. \u00d6nemli olan, \u00e7ocu\u011fun birinci az\u0131 di\u015flerinin ve iki \u00f6n di\u015finin a\u011f\u0131zda g\u00f6r\u00fcn\u00fcr olmas\u0131d\u0131r.[\/vc_column_text][\/vc_accordion_tab][vc_accordion_tab icon=&#8221;fa fa-check&#8221; gutter_size=&#8221;2&#8243; column_padding=&#8221;2&#8243; title=&#8221;\u015eEFFAF PLAK TEDAV\u0130S\u0130 HANG\u0130 DURUMLARDA KULLANILIR?&#8221; tab_id=&#8221;d21d5937-3bb0-216847558293481689854393278&#8243; slug=&#8221;faq_15&#8243;][vc_column_text css_animation=&#8221;alpha-anim&#8221; uncode_shortcode_id=&#8221;903167&#8243;]\u015eeffaf plak tedavisi, geleneksel ortodontik tedavinin kullan\u0131ld\u0131\u011f\u0131 her durumda, di\u015flerde \u00e7apra\u015f\u0131kl\u0131k, bo\u015fluk, \u0131s\u0131rma sorunu gibi sorunlar\u0131n d\u00fczeltilmesinde kullan\u0131labilir.[\/vc_column_text][\/vc_accordion_tab][\/vc_accordion][\/vc_column][vc_column width=&#8221;1\/4&#8243;][\/vc_column][\/vc_row]<\/p>\n<\/div>","protected":false},"excerpt":{"rendered":"<p>[vc_row unlock_row_content=&#8221;yes&#8221; row_height_percent=&#8221;100&#8243; back_image=&#8221;119544&#8243; kburns=&#8221;magnetic&#8221; overlay_color=&#8221;color-482803&#8243; overlay_alpha=&#8221;0&#8243; gutter_size=&#8221;100&#8243; column_width_percent=&#8221;100&#8243; shift_y=&#8221;0&#8243; z_index=&#8221;0&#8243; inverted_device_order=&#8221;yes&#8221; style=&#8221;inherited&#8221; uncode_shortcode_id=&#8221;683871&#8243; overlay_color_type=&#8221;uncode-palette&#8221;][vc_column column_width_use_pixel=&#8221;yes&#8221; gutter_size=&#8221;3&#8243; overlay_alpha=&#8221;50&#8243; shift_x=&#8221;0&#8243; shift_y=&#8221;0&#8243; [&hellip;]<\/p>\n","protected":false},"author":1,"featured_media":0,"parent":0,"menu_order":0,"comment_status":"closed","ping_status":"closed","template":"","meta":{"inline_featured_image":false,"_locale":"tr_TR","_original_post":"https:\/\/batibulvardent.com\/demo-bb\/?page_id=119692","footnotes":"","_links_to":"","_links_to_target":""},"class_list":["post-120762","page","type-page","status-publish","hentry","tr-TR"],"yoast_head":"<!-- This site is optimized with the Yoast SEO plugin v26.9 - https:\/\/yoast.com\/product\/yoast-seo-wordpress\/ -->\n<title>BATIBULVAR DENT | SSS<\/title>\n<meta name=\"description\" content=\"S\u0131k\u00e7a sorulan sorular (SSS) b\u00f6l\u00fcm\u00fcm\u00fcz\u00fc okumaktan \u00e7ekinmeyin!..\" \/>\n<meta name=\"robots\" content=\"index, follow, max-snippet:-1, max-image-preview:large, max-video-preview:-1\" \/>\n<link rel=\"canonical\" href=\"https:\/\/batibulvardent.com\/tr\/sss\/\" \/>\n<meta property=\"og:locale\" content=\"tr_TR\" \/>\n<meta property=\"og:type\" content=\"article\" \/>\n<meta property=\"og:title\" content=\"BATIBULVAR DENT | SSS\" \/>\n<meta property=\"og:description\" content=\"S\u0131k\u00e7a sorulan sorular (SSS) b\u00f6l\u00fcm\u00fcm\u00fcz\u00fc okumaktan \u00e7ekinmeyin!..\" \/>\n<meta property=\"og:url\" content=\"https:\/\/batibulvardent.com\/tr\/sss\/\" \/>\n<meta property=\"og:site_name\" content=\"BATIBULVARDENT\" \/>\n<meta name=\"twitter:card\" content=\"summary_large_image\" \/>\n<meta name=\"twitter:label1\" content=\"Tahmini okuma s\u00fcresi\" \/>\n\t<meta name=\"twitter:data1\" content=\"4 dakika\" \/>\n<script type=\"application\/ld+json\" class=\"yoast-schema-graph\">{\"@context\":\"https:\/\/schema.org\",\"@graph\":[{\"@type\":\"WebPage\",\"@id\":\"https:\/\/batibulvardent.com\/tr\/sss\/\",\"url\":\"https:\/\/batibulvardent.com\/tr\/sss\/\",\"name\":\"BATIBULVAR DENT | SSS\",\"isPartOf\":{\"@id\":\"https:\/\/batibulvardent.com\/#website\"},\"datePublished\":\"2024-03-01T14:11:02+00:00\",\"description\":\"S\u0131k\u00e7a sorulan sorular (SSS) b\u00f6l\u00fcm\u00fcm\u00fcz\u00fc okumaktan \u00e7ekinmeyin!..\",\"breadcrumb\":{\"@id\":\"https:\/\/batibulvardent.com\/tr\/sss\/#breadcrumb\"},\"inLanguage\":\"tr\",\"potentialAction\":[{\"@type\":\"ReadAction\",\"target\":[\"https:\/\/batibulvardent.com\/tr\/sss\/\"]}]},{\"@type\":\"BreadcrumbList\",\"@id\":\"https:\/\/batibulvardent.com\/tr\/sss\/#breadcrumb\",\"itemListElement\":[{\"@type\":\"ListItem\",\"position\":1,\"name\":\"Home\",\"item\":\"https:\/\/batibulvardent.com\/tr\/\"},{\"@type\":\"ListItem\",\"position\":2,\"name\":\"SSS\"}]},{\"@type\":\"WebSite\",\"@id\":\"https:\/\/batibulvardent.com\/#website\",\"url\":\"https:\/\/batibulvardent.com\/\",\"name\":\"BATIBULVAR DENT\",\"description\":\"The Future of Dental Health\",\"publisher\":{\"@id\":\"https:\/\/batibulvardent.com\/#organization\"},\"potentialAction\":[{\"@type\":\"SearchAction\",\"target\":{\"@type\":\"EntryPoint\",\"urlTemplate\":\"https:\/\/batibulvardent.com\/?s={search_term_string}\"},\"query-input\":{\"@type\":\"PropertyValueSpecification\",\"valueRequired\":true,\"valueName\":\"search_term_string\"}}],\"inLanguage\":\"tr\"},{\"@type\":\"Organization\",\"@id\":\"https:\/\/batibulvardent.com\/#organization\",\"name\":\"The Future of Dental Health\",\"url\":\"https:\/\/batibulvardent.com\/\",\"logo\":{\"@type\":\"ImageObject\",\"inLanguage\":\"tr\",\"@id\":\"https:\/\/batibulvardent.com\/#\/schema\/logo\/image\/\",\"url\":\"https:\/\/batibulvardent.com\/wp-content\/uploads\/2023\/06\/favicon.png\",\"contentUrl\":\"https:\/\/batibulvardent.com\/wp-content\/uploads\/2023\/06\/favicon.png\",\"width\":512,\"height\":512,\"caption\":\"The Future of Dental Health\"},\"image\":{\"@id\":\"https:\/\/batibulvardent.com\/#\/schema\/logo\/image\/\"},\"sameAs\":[\"https:\/\/www.instagram.com\/batibulvardisklinigi\"]}]}<\/script>\n<!-- \/ Yoast SEO plugin. -->","yoast_head_json":{"title":"BATIBULVAR DENT | SSS","description":"S\u0131k\u00e7a sorulan sorular (SSS) b\u00f6l\u00fcm\u00fcm\u00fcz\u00fc okumaktan \u00e7ekinmeyin!..","robots":{"index":"index","follow":"follow","max-snippet":"max-snippet:-1","max-image-preview":"max-image-preview:large","max-video-preview":"max-video-preview:-1"},"canonical":"https:\/\/batibulvardent.com\/tr\/sss\/","og_locale":"tr_TR","og_type":"article","og_title":"BATIBULVAR DENT | SSS","og_description":"S\u0131k\u00e7a sorulan sorular (SSS) b\u00f6l\u00fcm\u00fcm\u00fcz\u00fc okumaktan \u00e7ekinmeyin!..","og_url":"https:\/\/batibulvardent.com\/tr\/sss\/","og_site_name":"BATIBULVARDENT","twitter_card":"summary_large_image","twitter_misc":{"Tahmini okuma s\u00fcresi":"4 dakika"},"schema":{"@context":"https:\/\/schema.org","@graph":[{"@type":"WebPage","@id":"https:\/\/batibulvardent.com\/tr\/sss\/","url":"https:\/\/batibulvardent.com\/tr\/sss\/","name":"BATIBULVAR DENT | SSS","isPartOf":{"@id":"https:\/\/batibulvardent.com\/#website"},"datePublished":"2024-03-01T14:11:02+00:00","description":"S\u0131k\u00e7a sorulan sorular (SSS) b\u00f6l\u00fcm\u00fcm\u00fcz\u00fc okumaktan \u00e7ekinmeyin!..","breadcrumb":{"@id":"https:\/\/batibulvardent.com\/tr\/sss\/#breadcrumb"},"inLanguage":"tr","potentialAction":[{"@type":"ReadAction","target":["https:\/\/batibulvardent.com\/tr\/sss\/"]}]},{"@type":"BreadcrumbList","@id":"https:\/\/batibulvardent.com\/tr\/sss\/#breadcrumb","itemListElement":[{"@type":"ListItem","position":1,"name":"Home","item":"https:\/\/batibulvardent.com\/tr\/"},{"@type":"ListItem","position":2,"name":"SSS"}]},{"@type":"WebSite","@id":"https:\/\/batibulvardent.com\/#website","url":"https:\/\/batibulvardent.com\/","name":"BATIBULVAR DENT","description":"The Future of Dental Health","publisher":{"@id":"https:\/\/batibulvardent.com\/#organization"},"potentialAction":[{"@type":"SearchAction","target":{"@type":"EntryPoint","urlTemplate":"https:\/\/batibulvardent.com\/?s={search_term_string}"},"query-input":{"@type":"PropertyValueSpecification","valueRequired":true,"valueName":"search_term_string"}}],"inLanguage":"tr"},{"@type":"Organization","@id":"https:\/\/batibulvardent.com\/#organization","name":"The Future of Dental Health","url":"https:\/\/batibulvardent.com\/","logo":{"@type":"ImageObject","inLanguage":"tr","@id":"https:\/\/batibulvardent.com\/#\/schema\/logo\/image\/","url":"https:\/\/batibulvardent.com\/wp-content\/uploads\/2023\/06\/favicon.png","contentUrl":"https:\/\/batibulvardent.com\/wp-content\/uploads\/2023\/06\/favicon.png","width":512,"height":512,"caption":"The Future of Dental Health"},"image":{"@id":"https:\/\/batibulvardent.com\/#\/schema\/logo\/image\/"},"sameAs":["https:\/\/www.instagram.com\/batibulvardisklinigi"]}]}},"_links":{"self":[{"href":"https:\/\/batibulvardent.com\/wp-json\/wp\/v2\/pages\/120762","targetHints":{"allow":["GET"]}}],"collection":[{"href":"https:\/\/batibulvardent.com\/wp-json\/wp\/v2\/pages"}],"about":[{"href":"https:\/\/batibulvardent.com\/wp-json\/wp\/v2\/types\/page"}],"author":[{"embeddable":true,"href":"https:\/\/batibulvardent.com\/wp-json\/wp\/v2\/users\/1"}],"replies":[{"embeddable":true,"href":"https:\/\/batibulvardent.com\/wp-json\/wp\/v2\/comments?post=120762"}],"version-history":[{"count":1,"href":"https:\/\/batibulvardent.com\/wp-json\/wp\/v2\/pages\/120762\/revisions"}],"predecessor-version":[{"id":120777,"href":"https:\/\/batibulvardent.com\/wp-json\/wp\/v2\/pages\/120762\/revisions\/120777"}],"wp:attachment":[{"href":"https:\/\/batibulvardent.com\/wp-json\/wp\/v2\/media?parent=120762"}],"curies":[{"name":"wp","href":"https:\/\/api.w.org\/{rel}","templated":true}]}}