{"id":120763,"date":"2024-03-01T17:11:02","date_gmt":"2024-03-01T14:11:02","guid":{"rendered":"https:\/\/batibulvardent.com\/?page_id=120763"},"modified":"2024-03-01T17:11:02","modified_gmt":"2024-03-01T14:11:02","slug":"galeri","status":"publish","type":"page","link":"https:\/\/batibulvardent.com\/tr\/galeri\/","title":{"rendered":"GALER\u0130"},"content":{"rendered":"<div class=\"wpb-content-wrapper\"><p>[vc_row unlock_row_content=&#8221;yes&#8221; row_height_percent=&#8221;0&#8243; override_padding=&#8221;yes&#8221; h_padding=&#8221;0&#8243; top_padding=&#8221;0&#8243; bottom_padding=&#8221;0&#8243; overlay_alpha=&#8221;100&#8243; gutter_size=&#8221;0&#8243; column_width_percent=&#8221;100&#8243; shift_y=&#8221;0&#8243; z_index=&#8221;0&#8243; style=&#8221;inherited&#8221; uncode_shortcode_id=&#8221;846076&#8243;][vc_column column_width_percent=&#8221;100&#8243; align_horizontal=&#8221;align_center&#8221; gutter_size=&#8221;0&#8243; overlay_alpha=&#8221;50&#8243; shift_x=&#8221;0&#8243; shift_y=&#8221;0&#8243; shift_y_down=&#8221;0&#8243; z_index=&#8221;0&#8243; medium_width=&#8221;0&#8243; mobile_width=&#8221;0&#8243; width=&#8221;1\/1&#8243; uncode_shortcode_id=&#8221;189934&#8243;][vc_empty_space empty_h=&#8221;0&#8243;][vc_gallery el_id=&#8221;gallery-3377779&#8243; type=&#8221;css_grid&#8221; medias=&#8221;120646,120643,120641,120633,120640,120652,120651,120644,120642,120647,120653,120649,120634,120635,120637,120638,120648,120654,120676,120675&#8243; screen_lg_items=&#8221;3&#8243; screen_lg_breakpoint=&#8221;1000&#8243; screen_md_items=&#8221;2&#8243; screen_md_breakpoint=&#8221;600&#8243; screen_sm_items=&#8221;1&#8243; screen_sm_breakpoint=&#8221;480&#8243; gutter_size=&#8221;1&#8243; media_items=&#8221;&#8221; single_overlay_color=&#8221;color-nhtu&#8221; single_overlay_opacity=&#8221;20&#8243; single_text_visible=&#8221;yes&#8221; single_text_anim_type=&#8221;btt&#8221; single_image_magnetic=&#8221;yes&#8221; single_v_position=&#8221;bottom&#8221; single_padding=&#8221;1&#8243; single_text_reduced=&#8221;yes&#8221; single_title_dimension=&#8221;h4&#8243; single_title_weight=&#8221;700&#8243; single_title_space=&#8221;fontspace-781688&#8243; single_border=&#8221;yes&#8221; single_css_animation=&#8221;bottom-t-top&#8221; lbox_full=&#8221;yes&#8221; lbox_no_tmb=&#8221;yes&#8221; custom_cursor=&#8221;accent&#8221; carousel_rtl=&#8221;&#8221; single_half_padding=&#8221;yes&#8221; single_title_uppercase=&#8221;&#8221; single_title_serif=&#8221;&#8221; single_no_background=&#8221;&#8221; items=&#8221;eyIxMzQwOF9pIjp7InNpbmdsZV93aWR0aCI6IjQiLCJzaW5nbGVfaGVpZ2h0IjoiNCJ9LCIxMzQwOV9pIjp7InNpbmdsZV93aWR0aCI6IjQiLCJzaW5nbGVfaGVpZ2h0IjoiNCJ9LCIxMzc2M19pIjp7InNpbmdsZV93aWR0aCI6IjQiLCJzaW5nbGVfaGVpZ2h0IjoiNCJ9LCIxMzc2Nl9pIjp7InNpbmdsZV93aWR0aCI6IjQiLCJzaW5nbGVfaGVpZ2h0IjoiNCJ9LCI4NDAyMV9pIjp7InNpbmdsZV93aWR0aCI6IjYiLCJzaW5nbGVfaGVpZ2h0IjoiNCJ9LCI4NDAxOF9pIjp7InNpbmdsZV93aWR0aCI6IjYiLCJzaW5nbGVfaGVpZ2h0IjoiNCJ9LCI4ODYzM19pIjp7InNpbmdsZV93aWR0aCI6IjYiLCJzaW5nbGVfaGVpZ2h0IjoiNCJ9LCI4ODYzMF9pIjp7InNpbmdsZV93aWR0aCI6IjYiLCJzaW5nbGVfaGVpZ2h0IjoiNCJ9LCIxMjA2NTRfaSI6eyJzaW5nbGVfdGV4dCI6Im92ZXJsYXkifX0=&#8221; uncode_shortcode_id=&#8221;259881&#8243;][\/vc_column][\/vc_row]<\/p>\n<\/div>","protected":false},"excerpt":{"rendered":"<p>[vc_row unlock_row_content=&#8221;yes&#8221; row_height_percent=&#8221;0&#8243; override_padding=&#8221;yes&#8221; h_padding=&#8221;0&#8243; top_padding=&#8221;0&#8243; bottom_padding=&#8221;0&#8243; overlay_alpha=&#8221;100&#8243; gutter_size=&#8221;0&#8243; column_width_percent=&#8221;100&#8243; shift_y=&#8221;0&#8243; z_index=&#8221;0&#8243; style=&#8221;inherited&#8221; uncode_shortcode_id=&#8221;846076&#8243;][vc_column column_width_percent=&#8221;100&#8243; align_horizontal=&#8221;align_center&#8221; gutter_size=&#8221;0&#8243; overlay_alpha=&#8221;50&#8243; shift_x=&#8221;0&#8243; shift_y=&#8221;0&#8243; [&hellip;]<\/p>\n","protected":false},"author":1,"featured_media":0,"parent":0,"menu_order":0,"comment_status":"closed","ping_status":"closed","template":"","meta":{"inline_featured_image":false,"_locale":"tr_TR","_original_post":"https:\/\/batibulvardent.com\/?page_id=120657","footnotes":"","_links_to":"","_links_to_target":""},"class_list":["post-120763","page","type-page","status-publish","hentry","tr-TR"],"yoast_head":"<!-- This site is optimized with the Yoast SEO plugin v26.9 - https:\/\/yoast.com\/product\/yoast-seo-wordpress\/ -->\n<title>BATIBULVAR DENT | Galeri<\/title>\n<meta name=\"description\" content=\"Galerimizi ziyaret ederek di\u015f klini\u011fimiz hakk\u0131nda g\u00f6rsel bir fikir sahibi olabilirsiniz.\" \/>\n<meta name=\"robots\" content=\"index, follow, max-snippet:-1, max-image-preview:large, max-video-preview:-1\" \/>\n<link rel=\"canonical\" href=\"https:\/\/batibulvardent.com\/tr\/galeri\/\" \/>\n<meta property=\"og:locale\" content=\"tr_TR\" \/>\n<meta property=\"og:type\" content=\"article\" \/>\n<meta property=\"og:title\" content=\"BATIBULVAR DENT | Galeri\" \/>\n<meta property=\"og:description\" content=\"Galerimizi ziyaret ederek di\u015f klini\u011fimiz hakk\u0131nda g\u00f6rsel bir fikir sahibi olabilirsiniz.\" \/>\n<meta property=\"og:url\" content=\"https:\/\/batibulvardent.com\/tr\/galeri\/\" \/>\n<meta property=\"og:site_name\" content=\"BATIBULVARDENT\" \/>\n<meta name=\"twitter:card\" content=\"summary_large_image\" \/>\n<meta name=\"twitter:label1\" content=\"Tahmini okuma s\u00fcresi\" \/>\n\t<meta name=\"twitter:data1\" content=\"1 dakika\" \/>\n<script type=\"application\/ld+json\" class=\"yoast-schema-graph\">{\"@context\":\"https:\/\/schema.org\",\"@graph\":[{\"@type\":\"WebPage\",\"@id\":\"https:\/\/batibulvardent.com\/tr\/galeri\/\",\"url\":\"https:\/\/batibulvardent.com\/tr\/galeri\/\",\"name\":\"BATIBULVAR DENT | Galeri\",\"isPartOf\":{\"@id\":\"https:\/\/batibulvardent.com\/#website\"},\"datePublished\":\"2024-03-01T14:11:02+00:00\",\"description\":\"Galerimizi ziyaret ederek di\u015f klini\u011fimiz hakk\u0131nda g\u00f6rsel bir fikir sahibi olabilirsiniz.\",\"breadcrumb\":{\"@id\":\"https:\/\/batibulvardent.com\/tr\/galeri\/#breadcrumb\"},\"inLanguage\":\"tr\",\"potentialAction\":[{\"@type\":\"ReadAction\",\"target\":[\"https:\/\/batibulvardent.com\/tr\/galeri\/\"]}]},{\"@type\":\"BreadcrumbList\",\"@id\":\"https:\/\/batibulvardent.com\/tr\/galeri\/#breadcrumb\",\"itemListElement\":[{\"@type\":\"ListItem\",\"position\":1,\"name\":\"Home\",\"item\":\"https:\/\/batibulvardent.com\/tr\/\"},{\"@type\":\"ListItem\",\"position\":2,\"name\":\"GALER\u0130\"}]},{\"@type\":\"WebSite\",\"@id\":\"https:\/\/batibulvardent.com\/#website\",\"url\":\"https:\/\/batibulvardent.com\/\",\"name\":\"BATIBULVAR DENT\",\"description\":\"The Future of Dental Health\",\"publisher\":{\"@id\":\"https:\/\/batibulvardent.com\/#organization\"},\"potentialAction\":[{\"@type\":\"SearchAction\",\"target\":{\"@type\":\"EntryPoint\",\"urlTemplate\":\"https:\/\/batibulvardent.com\/?s={search_term_string}\"},\"query-input\":{\"@type\":\"PropertyValueSpecification\",\"valueRequired\":true,\"valueName\":\"search_term_string\"}}],\"inLanguage\":\"tr\"},{\"@type\":\"Organization\",\"@id\":\"https:\/\/batibulvardent.com\/#organization\",\"name\":\"The Future of Dental Health\",\"url\":\"https:\/\/batibulvardent.com\/\",\"logo\":{\"@type\":\"ImageObject\",\"inLanguage\":\"tr\",\"@id\":\"https:\/\/batibulvardent.com\/#\/schema\/logo\/image\/\",\"url\":\"https:\/\/batibulvardent.com\/wp-content\/uploads\/2023\/06\/favicon.png\",\"contentUrl\":\"https:\/\/batibulvardent.com\/wp-content\/uploads\/2023\/06\/favicon.png\",\"width\":512,\"height\":512,\"caption\":\"The Future of Dental Health\"},\"image\":{\"@id\":\"https:\/\/batibulvardent.com\/#\/schema\/logo\/image\/\"},\"sameAs\":[\"https:\/\/www.instagram.com\/batibulvardisklinigi\"]}]}<\/script>\n<!-- \/ Yoast SEO plugin. -->","yoast_head_json":{"title":"BATIBULVAR DENT | Galeri","description":"Galerimizi ziyaret ederek di\u015f klini\u011fimiz hakk\u0131nda g\u00f6rsel bir fikir sahibi olabilirsiniz.","robots":{"index":"index","follow":"follow","max-snippet":"max-snippet:-1","max-image-preview":"max-image-preview:large","max-video-preview":"max-video-preview:-1"},"canonical":"https:\/\/batibulvardent.com\/tr\/galeri\/","og_locale":"tr_TR","og_type":"article","og_title":"BATIBULVAR DENT | Galeri","og_description":"Galerimizi ziyaret ederek di\u015f klini\u011fimiz hakk\u0131nda g\u00f6rsel bir fikir sahibi olabilirsiniz.","og_url":"https:\/\/batibulvardent.com\/tr\/galeri\/","og_site_name":"BATIBULVARDENT","twitter_card":"summary_large_image","twitter_misc":{"Tahmini okuma s\u00fcresi":"1 dakika"},"schema":{"@context":"https:\/\/schema.org","@graph":[{"@type":"WebPage","@id":"https:\/\/batibulvardent.com\/tr\/galeri\/","url":"https:\/\/batibulvardent.com\/tr\/galeri\/","name":"BATIBULVAR DENT | Galeri","isPartOf":{"@id":"https:\/\/batibulvardent.com\/#website"},"datePublished":"2024-03-01T14:11:02+00:00","description":"Galerimizi ziyaret ederek di\u015f klini\u011fimiz hakk\u0131nda g\u00f6rsel bir fikir sahibi olabilirsiniz.","breadcrumb":{"@id":"https:\/\/batibulvardent.com\/tr\/galeri\/#breadcrumb"},"inLanguage":"tr","potentialAction":[{"@type":"ReadAction","target":["https:\/\/batibulvardent.com\/tr\/galeri\/"]}]},{"@type":"BreadcrumbList","@id":"https:\/\/batibulvardent.com\/tr\/galeri\/#breadcrumb","itemListElement":[{"@type":"ListItem","position":1,"name":"Home","item":"https:\/\/batibulvardent.com\/tr\/"},{"@type":"ListItem","position":2,"name":"GALER\u0130"}]},{"@type":"WebSite","@id":"https:\/\/batibulvardent.com\/#website","url":"https:\/\/batibulvardent.com\/","name":"BATIBULVAR DENT","description":"The Future of Dental Health","publisher":{"@id":"https:\/\/batibulvardent.com\/#organization"},"potentialAction":[{"@type":"SearchAction","target":{"@type":"EntryPoint","urlTemplate":"https:\/\/batibulvardent.com\/?s={search_term_string}"},"query-input":{"@type":"PropertyValueSpecification","valueRequired":true,"valueName":"search_term_string"}}],"inLanguage":"tr"},{"@type":"Organization","@id":"https:\/\/batibulvardent.com\/#organization","name":"The Future of Dental Health","url":"https:\/\/batibulvardent.com\/","logo":{"@type":"ImageObject","inLanguage":"tr","@id":"https:\/\/batibulvardent.com\/#\/schema\/logo\/image\/","url":"https:\/\/batibulvardent.com\/wp-content\/uploads\/2023\/06\/favicon.png","contentUrl":"https:\/\/batibulvardent.com\/wp-content\/uploads\/2023\/06\/favicon.png","width":512,"height":512,"caption":"The Future of Dental Health"},"image":{"@id":"https:\/\/batibulvardent.com\/#\/schema\/logo\/image\/"},"sameAs":["https:\/\/www.instagram.com\/batibulvardisklinigi"]}]}},"_links":{"self":[{"href":"https:\/\/batibulvardent.com\/wp-json\/wp\/v2\/pages\/120763","targetHints":{"allow":["GET"]}}],"collection":[{"href":"https:\/\/batibulvardent.com\/wp-json\/wp\/v2\/pages"}],"about":[{"href":"https:\/\/batibulvardent.com\/wp-json\/wp\/v2\/types\/page"}],"author":[{"embeddable":true,"href":"https:\/\/batibulvardent.com\/wp-json\/wp\/v2\/users\/1"}],"replies":[{"embeddable":true,"href":"https:\/\/batibulvardent.com\/wp-json\/wp\/v2\/comments?post=120763"}],"version-history":[{"count":1,"href":"https:\/\/batibulvardent.com\/wp-json\/wp\/v2\/pages\/120763\/revisions"}],"predecessor-version":[{"id":120776,"href":"https:\/\/batibulvardent.com\/wp-json\/wp\/v2\/pages\/120763\/revisions\/120776"}],"wp:attachment":[{"href":"https:\/\/batibulvardent.com\/wp-json\/wp\/v2\/media?parent=120763"}],"curies":[{"name":"wp","href":"https:\/\/api.w.org\/{rel}","templated":true}]}}