{"id":120765,"date":"2024-03-01T17:11:03","date_gmt":"2024-03-01T14:11:03","guid":{"rendered":"https:\/\/batibulvardent.com\/?page_id=120765"},"modified":"2026-04-21T16:45:24","modified_gmt":"2026-04-21T13:45:24","slug":"implant-tedavisi","status":"publish","type":"page","link":"https:\/\/batibulvardent.com\/tr\/implant-tedavisi\/","title":{"rendered":"\u0130MPLANT TEDAV\u0130S\u0130"},"content":{"rendered":"<div class=\"wpb-content-wrapper\"><p>[vc_row unlock_row_content=&#8221;yes&#8221; row_height_percent=&#8221;100&#8243; override_padding=&#8221;yes&#8221; h_padding=&#8221;0&#8243; top_padding=&#8221;0&#8243; bottom_padding=&#8221;0&#8243; back_color=&#8221;color-nhtu&#8221; overlay_alpha=&#8221;50&#8243; equal_height=&#8221;yes&#8221; gutter_size=&#8221;3&#8243; shift_y=&#8221;0&#8243;][vc_column column_width_percent=&#8221;100&#8243; gutter_size=&#8221;3&#8243; expand_height=&#8221;yes&#8221; style=&#8221;dark&#8221; overlay_alpha=&#8221;50&#8243; shift_x=&#8221;0&#8243; shift_y=&#8221;0&#8243; z_index=&#8221;0&#8243; medium_width=&#8221;0&#8243; width=&#8221;1\/1&#8243;][vc_row_inner row_inner_height_percent=&#8221;0&#8243; overlay_alpha=&#8221;50&#8243; equal_height=&#8221;yes&#8221; gutter_size=&#8221;0&#8243; shift_y=&#8221;0&#8243; limit_content=&#8221;&#8221;][vc_column_inner column_width_use_pixel=&#8221;yes&#8221; gutter_size=&#8221;3&#8243; expand_height=&#8221;yes&#8221; back_image=&#8221;120506&#8243; back_position=&#8221;right center&#8221; overlay_alpha=&#8221;50&#8243; overlay_color_blend=&#8221;soft-light&#8221; shift_x=&#8221;0&#8243; shift_y=&#8221;0&#8243; shift_y_down=&#8221;0&#8243; z_index=&#8221;0&#8243; medium_width=&#8221;0&#8243; mobile_width=&#8221;0&#8243; css_animation=&#8221;alpha-anim&#8221; width=&#8221;1\/2&#8243; mobile_height=&#8221;300&#8243; uncode_shortcode_id=&#8221;905964&#8243; overlay_color_type=&#8221;uncode-gradient&#8221; overlay_color_gradient=&#8221;{&#8220;css&#8220;:&#8220;background: linear-gradient(to bottom , rgb(41, 191, 153) , rgb(102, 83, 219) 98%);&#8220;,&#8220;sliders&#8220;:`{`{&#8220;color&#8220;:&#8220;rgb(41, 191, 153)&#8220;,&#8220;position&#8220;:0},{&#8220;color&#8220;:&#8220;rgb(102, 83, 219)&#8220;,&#8220;position&#8220;:98}`}`,&#8220;type&#8220;:&#8220;linear&#8220;,&#8220;direction&#8220;:&#8220;top&#8220;}&#8221;][\/vc_column_inner][vc_column_inner column_width_percent=&#8221;65&#8243; position_vertical=&#8221;middle&#8221; gutter_size=&#8221;3&#8243; override_padding=&#8221;yes&#8221; column_padding=&#8221;3&#8243; style=&#8221;dark&#8221; font_family=&#8221;font-136269&#8243; overlay_alpha=&#8221;50&#8243; shift_x=&#8221;0&#8243; shift_y=&#8221;0&#8243; shift_y_down=&#8221;0&#8243; z_index=&#8221;0&#8243; medium_width=&#8221;0&#8243; mobile_width=&#8221;0&#8243; width=&#8221;1\/2&#8243; uncode_shortcode_id=&#8221;202408&#8243;][vc_empty_space empty_h=&#8221;2&#8243; medium_visibility=&#8221;yes&#8221; mobile_visibility=&#8221;yes&#8221;][vc_custom_heading heading_semantic=&#8221;h1&#8243; text_font=&#8221;font-136269&#8243; text_size=&#8221;h1&#8243; text_weight=&#8221;700&#8243; css_animation=&#8221;left-t-right&#8221; text_align=&#8221;text-left&#8221; uncode_shortcode_id=&#8221;589422&#8243;]\u0130MPLANT TEDAV\u0130S\u0130[\/vc_custom_heading][vc_column_text text_lead=&#8221;yes&#8221; css_animation=&#8221;left-t-right&#8221; uncode_shortcode_id=&#8221;188009&#8243;]<strong><span style=\"background: -webkit-linear-gradient(45deg, #773de5, #438ced); -webkit-background-clip: text; -webkit-text-fill-color: transparent; display: inline-block; font-family: Jost; font-size: 20px;\">TAM D\u0130\u015eS\u0130ZL\u0130K<\/span><\/strong><br \/>\n<strong>TAM D\u0130\u015eS\u0130ZL\u0130K \u00c7\u00d6Z\u00dcMLER\u0130M\u0130ZLE SA\u011eLIKLI VE G\u00dc\u00c7L\u00dc D\u0130\u015eLER\u0130N G\u00dcC\u00dcN\u00dc KE\u015eFED\u0130N!..<\/strong><br \/>\nEksik di\u015flerin neden oldu\u011fu fonksiyonel ve estetik sorunlara veda edin. Sa\u011fl\u0131kl\u0131, konforlu ve do\u011fal g\u00f6r\u00fcn\u00fcml\u00fc bir g\u00fcl\u00fcmsemeye merhaba deyin.<\/p>\n<p><strong><span style=\"background: -webkit-linear-gradient(45deg, #773de5, #438ced); -webkit-background-clip: text; -webkit-text-fill-color: transparent; display: inline-block; font-family: Jost; font-size: 20px;\">D\u0130\u015e SA\u011eLI\u011eINDA SEDASYON<\/span><\/strong><br \/>\n<strong>END\u0130\u015eEN\u0130Z\u0130 HAF\u0130FLETMEM\u0130ZE \u0130Z\u0130N VER\u0130N!..<\/strong><br \/>\nBat\u0131 Bulvar Di\u015f Klini\u011fi olarak, di\u015f fobisi olan veya \u00f6zel durumu olan hastalar\u0131m\u0131z\u0131, stres veya endi\u015fe olmadan ihtiya\u00e7 duyduklar\u0131 di\u015f bak\u0131m\u0131n\u0131 sa\u011flamak i\u00e7in tamamen g\u00fcvenli ve etkili bir y\u00f6ntem olan sedasyon (uyku hali) tekni\u011fi ile tedavi ediyoruz.<\/p>\n<p><strong><span style=\"background: -webkit-linear-gradient(45deg, #773de5, #438ced); -webkit-background-clip: text; -webkit-text-fill-color: transparent; display: inline-block; font-family: Jost; font-size: 20px;\">\u00c7ENE CERRAH\u0130S\u0130<\/span><\/strong><br \/>\n<strong>SINIRLI HAREKET, K\u0130L\u0130TLENME VE SAPLANMA MI?<\/strong><br \/>\n\u00dcst\u00fcn kaliteli \u00e7ene cerrahisi hizmetlerimiz, rahats\u0131zl\u0131\u011f\u0131n\u0131z\u0131 hafifletecek en etkili tedavileri sunacak ve size hareket \u00f6zg\u00fcrl\u00fc\u011f\u00fcn\u00fcz\u00fc geri verecektir.<\/p>\n<p><strong><span style=\"background: -webkit-linear-gradient(45deg, #773de5, #438ced); -webkit-background-clip: text; -webkit-text-fill-color: transparent; display: inline-block; font-family: Jost; font-size: 20px;\">D\u0130\u015e GICIRDATMA (BRUKS\u0130ZM)<\/span><\/strong><br \/>\n<strong>D\u0130\u015e GICIRDATMA SORUNLARINA VEDA ED\u0130N!..<\/strong><br \/>\nDi\u015f g\u0131c\u0131rdatma al\u0131\u015fkanl\u0131\u011f\u0131na m\u0131 sahipsiniz? \u00c7enenize zarar vermesine izin vermeyin! Bat\u0131 Bulvar Di\u015f Klini\u011fi\u2019nde \u00e7ene kaslar\u0131n\u0131za uygulanan botoksla bu soruna son verebilir ve stresten kurtulabilirsiniz.<\/p>\n<p><strong><span style=\"background: -webkit-linear-gradient(45deg, #773de5, #438ced); -webkit-background-clip: text; -webkit-text-fill-color: transparent; display: inline-block; font-family: Jost; font-size: 20px;\">20\u2019L\u0130K D\u0130\u015eLER<\/span><\/strong><br \/>\n<strong>GE\u00c7 OLMADAN KONTROL ED\u0130N!..<\/strong><br \/>\n20\u2019lik di\u015fleri, biti\u015fi\u011findeki di\u015flerin \u00fczerine bask\u0131 yapabilir ve \u00e7\u00fcr\u00fcmeye neden olabilirken, fark edilmeyen g\u00f6m\u00fcl\u00fc di\u015fler a\u011f\u0131z i\u00e7inde kistlere yol a\u00e7abilir. Beklenmedik durumlara yakalanmay\u0131n, 20\u2019lik di\u015flerinizi bug\u00fcn kontrol ettirin.[\/vc_column_text][vc_custom_heading heading_semantic=&#8221;h4&#8243; text_font=&#8221;font-136269&#8243; text_weight=&#8221;400&#8243; css_animation=&#8221;left-t-right&#8221; uncode_shortcode_id=&#8221;313838&#8243;]Di\u015flerinize hak etti\u011fi sa\u011fl\u0131\u011f\u0131 verin!..[\/vc_custom_heading][vc_button radius=&#8221;btn-square&#8221; custom_typo=&#8221;yes&#8221; font_family=&#8221;font-377884&#8243; font_weight=&#8221;600&#8243; border_width=&#8221;0&#8243; css_animation=&#8221;left-t-right&#8221; uncode_shortcode_id=&#8221;584299&#8243; link=&#8221;url:https%3A%2F%2Fbatibulvardent.com%2Ftr%2Filetisim%2F|title:%C4%B0LET%C4%B0%C5%9E%C4%B0M&#8221;]B\u0130ZE ULA\u015eIN[\/vc_button][\/vc_column_inner][\/vc_row_inner][\/vc_column][\/vc_row][vc_row][vc_column width=&#8221;1\/1&#8243;][\/vc_column][\/vc_row]<\/p>\n<\/div>","protected":false},"excerpt":{"rendered":"<p>[vc_row unlock_row_content=&#8221;yes&#8221; row_height_percent=&#8221;100&#8243; override_padding=&#8221;yes&#8221; h_padding=&#8221;0&#8243; top_padding=&#8221;0&#8243; bottom_padding=&#8221;0&#8243; back_color=&#8221;color-nhtu&#8221; overlay_alpha=&#8221;50&#8243; equal_height=&#8221;yes&#8221; gutter_size=&#8221;3&#8243; shift_y=&#8221;0&#8243;][vc_column column_width_percent=&#8221;100&#8243; gutter_size=&#8221;3&#8243; expand_height=&#8221;yes&#8221; style=&#8221;dark&#8221; overlay_alpha=&#8221;50&#8243; shift_x=&#8221;0&#8243; shift_y=&#8221;0&#8243; z_index=&#8221;0&#8243; [&hellip;]<\/p>\n","protected":false},"author":1,"featured_media":0,"parent":0,"menu_order":0,"comment_status":"closed","ping_status":"closed","template":"","meta":{"inline_featured_image":false,"_locale":"tr_TR","_original_post":"https:\/\/batibulvardent.com\/demo-bb\/?page_id=119383","footnotes":"","_links_to":"","_links_to_target":""},"class_list":["post-120765","page","type-page","status-publish","hentry","tr-TR"],"yoast_head":"<!-- This site is optimized with the Yoast SEO plugin v26.9 - https:\/\/yoast.com\/product\/yoast-seo-wordpress\/ -->\n<title>Ankara \u0130mplant Tedavisi - Fiyatlar\u0131 ve Merak Edilenler 2026<\/title>\n<meta name=\"description\" content=\"Bat\u0131 Bulvar Dent ile a\u011fr\u0131s\u0131z ve \u00f6m\u00fcr boyu garantili implant tedavisi. Ankara implant fiyatlar\u0131 ve s\u00fcre\u00e7 hakk\u0131nda detayl\u0131 bilgi i\u00e7in t\u0131klay\u0131n.\" \/>\n<meta name=\"robots\" content=\"index, follow, max-snippet:-1, max-image-preview:large, max-video-preview:-1\" \/>\n<link rel=\"canonical\" href=\"https:\/\/batibulvardent.com\/tr\/implant-tedavisi\/\" \/>\n<meta property=\"og:locale\" content=\"tr_TR\" \/>\n<meta property=\"og:type\" content=\"article\" \/>\n<meta property=\"og:title\" content=\"Ankara \u0130mplant Tedavisi - Fiyatlar\u0131 ve Merak Edilenler 2026\" \/>\n<meta property=\"og:description\" content=\"Bat\u0131 Bulvar Dent ile a\u011fr\u0131s\u0131z ve \u00f6m\u00fcr boyu garantili implant tedavisi. Ankara implant fiyatlar\u0131 ve s\u00fcre\u00e7 hakk\u0131nda detayl\u0131 bilgi i\u00e7in t\u0131klay\u0131n.\" \/>\n<meta property=\"og:url\" content=\"https:\/\/batibulvardent.com\/tr\/implant-tedavisi\/\" \/>\n<meta property=\"og:site_name\" content=\"BATIBULVARDENT\" \/>\n<meta property=\"article:modified_time\" content=\"2026-04-21T13:45:24+00:00\" \/>\n<meta name=\"twitter:card\" content=\"summary_large_image\" \/>\n<meta name=\"twitter:label1\" content=\"Tahmini okuma s\u00fcresi\" \/>\n\t<meta name=\"twitter:data1\" content=\"2 dakika\" \/>\n<script type=\"application\/ld+json\" class=\"yoast-schema-graph\">{\"@context\":\"https:\/\/schema.org\",\"@graph\":[{\"@type\":\"WebPage\",\"@id\":\"https:\/\/batibulvardent.com\/tr\/implant-tedavisi\/\",\"url\":\"https:\/\/batibulvardent.com\/tr\/implant-tedavisi\/\",\"name\":\"Ankara \u0130mplant Tedavisi - Fiyatlar\u0131 ve Merak Edilenler 2026\",\"isPartOf\":{\"@id\":\"https:\/\/batibulvardent.com\/#website\"},\"datePublished\":\"2024-03-01T14:11:03+00:00\",\"dateModified\":\"2026-04-21T13:45:24+00:00\",\"description\":\"Bat\u0131 Bulvar Dent ile a\u011fr\u0131s\u0131z ve \u00f6m\u00fcr boyu garantili implant tedavisi. Ankara implant fiyatlar\u0131 ve s\u00fcre\u00e7 hakk\u0131nda detayl\u0131 bilgi i\u00e7in t\u0131klay\u0131n.\",\"breadcrumb\":{\"@id\":\"https:\/\/batibulvardent.com\/tr\/implant-tedavisi\/#breadcrumb\"},\"inLanguage\":\"tr\",\"potentialAction\":[{\"@type\":\"ReadAction\",\"target\":[\"https:\/\/batibulvardent.com\/tr\/implant-tedavisi\/\"]}]},{\"@type\":\"BreadcrumbList\",\"@id\":\"https:\/\/batibulvardent.com\/tr\/implant-tedavisi\/#breadcrumb\",\"itemListElement\":[{\"@type\":\"ListItem\",\"position\":1,\"name\":\"Home\",\"item\":\"https:\/\/batibulvardent.com\/tr\/\"},{\"@type\":\"ListItem\",\"position\":2,\"name\":\"\u0130MPLANT TEDAV\u0130S\u0130\"}]},{\"@type\":\"WebSite\",\"@id\":\"https:\/\/batibulvardent.com\/#website\",\"url\":\"https:\/\/batibulvardent.com\/\",\"name\":\"BATIBULVAR DENT\",\"description\":\"The Future of Dental Health\",\"publisher\":{\"@id\":\"https:\/\/batibulvardent.com\/#organization\"},\"potentialAction\":[{\"@type\":\"SearchAction\",\"target\":{\"@type\":\"EntryPoint\",\"urlTemplate\":\"https:\/\/batibulvardent.com\/?s={search_term_string}\"},\"query-input\":{\"@type\":\"PropertyValueSpecification\",\"valueRequired\":true,\"valueName\":\"search_term_string\"}}],\"inLanguage\":\"tr\"},{\"@type\":\"Organization\",\"@id\":\"https:\/\/batibulvardent.com\/#organization\",\"name\":\"The Future of Dental Health\",\"url\":\"https:\/\/batibulvardent.com\/\",\"logo\":{\"@type\":\"ImageObject\",\"inLanguage\":\"tr\",\"@id\":\"https:\/\/batibulvardent.com\/#\/schema\/logo\/image\/\",\"url\":\"https:\/\/batibulvardent.com\/wp-content\/uploads\/2023\/06\/favicon.png\",\"contentUrl\":\"https:\/\/batibulvardent.com\/wp-content\/uploads\/2023\/06\/favicon.png\",\"width\":512,\"height\":512,\"caption\":\"The Future of Dental Health\"},\"image\":{\"@id\":\"https:\/\/batibulvardent.com\/#\/schema\/logo\/image\/\"},\"sameAs\":[\"https:\/\/www.instagram.com\/batibulvardisklinigi\"]}]}<\/script>\n<!-- \/ Yoast SEO plugin. -->","yoast_head_json":{"title":"Ankara \u0130mplant Tedavisi - Fiyatlar\u0131 ve Merak Edilenler 2026","description":"Bat\u0131 Bulvar Dent ile a\u011fr\u0131s\u0131z ve \u00f6m\u00fcr boyu garantili implant tedavisi. Ankara implant fiyatlar\u0131 ve s\u00fcre\u00e7 hakk\u0131nda detayl\u0131 bilgi i\u00e7in t\u0131klay\u0131n.","robots":{"index":"index","follow":"follow","max-snippet":"max-snippet:-1","max-image-preview":"max-image-preview:large","max-video-preview":"max-video-preview:-1"},"canonical":"https:\/\/batibulvardent.com\/tr\/implant-tedavisi\/","og_locale":"tr_TR","og_type":"article","og_title":"Ankara \u0130mplant Tedavisi - Fiyatlar\u0131 ve Merak Edilenler 2026","og_description":"Bat\u0131 Bulvar Dent ile a\u011fr\u0131s\u0131z ve \u00f6m\u00fcr boyu garantili implant tedavisi. Ankara implant fiyatlar\u0131 ve s\u00fcre\u00e7 hakk\u0131nda detayl\u0131 bilgi i\u00e7in t\u0131klay\u0131n.","og_url":"https:\/\/batibulvardent.com\/tr\/implant-tedavisi\/","og_site_name":"BATIBULVARDENT","article_modified_time":"2026-04-21T13:45:24+00:00","twitter_card":"summary_large_image","twitter_misc":{"Tahmini okuma s\u00fcresi":"2 dakika"},"schema":{"@context":"https:\/\/schema.org","@graph":[{"@type":"WebPage","@id":"https:\/\/batibulvardent.com\/tr\/implant-tedavisi\/","url":"https:\/\/batibulvardent.com\/tr\/implant-tedavisi\/","name":"Ankara \u0130mplant Tedavisi - Fiyatlar\u0131 ve Merak Edilenler 2026","isPartOf":{"@id":"https:\/\/batibulvardent.com\/#website"},"datePublished":"2024-03-01T14:11:03+00:00","dateModified":"2026-04-21T13:45:24+00:00","description":"Bat\u0131 Bulvar Dent ile a\u011fr\u0131s\u0131z ve \u00f6m\u00fcr boyu garantili implant tedavisi. Ankara implant fiyatlar\u0131 ve s\u00fcre\u00e7 hakk\u0131nda detayl\u0131 bilgi i\u00e7in t\u0131klay\u0131n.","breadcrumb":{"@id":"https:\/\/batibulvardent.com\/tr\/implant-tedavisi\/#breadcrumb"},"inLanguage":"tr","potentialAction":[{"@type":"ReadAction","target":["https:\/\/batibulvardent.com\/tr\/implant-tedavisi\/"]}]},{"@type":"BreadcrumbList","@id":"https:\/\/batibulvardent.com\/tr\/implant-tedavisi\/#breadcrumb","itemListElement":[{"@type":"ListItem","position":1,"name":"Home","item":"https:\/\/batibulvardent.com\/tr\/"},{"@type":"ListItem","position":2,"name":"\u0130MPLANT TEDAV\u0130S\u0130"}]},{"@type":"WebSite","@id":"https:\/\/batibulvardent.com\/#website","url":"https:\/\/batibulvardent.com\/","name":"BATIBULVAR DENT","description":"The Future of Dental Health","publisher":{"@id":"https:\/\/batibulvardent.com\/#organization"},"potentialAction":[{"@type":"SearchAction","target":{"@type":"EntryPoint","urlTemplate":"https:\/\/batibulvardent.com\/?s={search_term_string}"},"query-input":{"@type":"PropertyValueSpecification","valueRequired":true,"valueName":"search_term_string"}}],"inLanguage":"tr"},{"@type":"Organization","@id":"https:\/\/batibulvardent.com\/#organization","name":"The Future of Dental Health","url":"https:\/\/batibulvardent.com\/","logo":{"@type":"ImageObject","inLanguage":"tr","@id":"https:\/\/batibulvardent.com\/#\/schema\/logo\/image\/","url":"https:\/\/batibulvardent.com\/wp-content\/uploads\/2023\/06\/favicon.png","contentUrl":"https:\/\/batibulvardent.com\/wp-content\/uploads\/2023\/06\/favicon.png","width":512,"height":512,"caption":"The Future of Dental Health"},"image":{"@id":"https:\/\/batibulvardent.com\/#\/schema\/logo\/image\/"},"sameAs":["https:\/\/www.instagram.com\/batibulvardisklinigi"]}]}},"_links":{"self":[{"href":"https:\/\/batibulvardent.com\/wp-json\/wp\/v2\/pages\/120765","targetHints":{"allow":["GET"]}}],"collection":[{"href":"https:\/\/batibulvardent.com\/wp-json\/wp\/v2\/pages"}],"about":[{"href":"https:\/\/batibulvardent.com\/wp-json\/wp\/v2\/types\/page"}],"author":[{"embeddable":true,"href":"https:\/\/batibulvardent.com\/wp-json\/wp\/v2\/users\/1"}],"replies":[{"embeddable":true,"href":"https:\/\/batibulvardent.com\/wp-json\/wp\/v2\/comments?post=120765"}],"version-history":[{"count":7,"href":"https:\/\/batibulvardent.com\/wp-json\/wp\/v2\/pages\/120765\/revisions"}],"predecessor-version":[{"id":120966,"href":"https:\/\/batibulvardent.com\/wp-json\/wp\/v2\/pages\/120765\/revisions\/120966"}],"wp:attachment":[{"href":"https:\/\/batibulvardent.com\/wp-json\/wp\/v2\/media?parent=120765"}],"curies":[{"name":"wp","href":"https:\/\/api.w.org\/{rel}","templated":true}]}}