{"id":120766,"date":"2024-03-01T17:11:03","date_gmt":"2024-03-01T14:11:03","guid":{"rendered":"https:\/\/batibulvardent.com\/?page_id=120766"},"modified":"2024-03-01T17:11:03","modified_gmt":"2024-03-01T14:11:03","slug":"dental-ortopedi","status":"publish","type":"page","link":"https:\/\/batibulvardent.com\/tr\/dental-ortopedi\/","title":{"rendered":"DENTAL ORTOPED\u0130"},"content":{"rendered":"<div class=\"wpb-content-wrapper\"><p>[vc_row unlock_row_content=&#8221;yes&#8221; row_height_percent=&#8221;100&#8243; override_padding=&#8221;yes&#8221; h_padding=&#8221;0&#8243; top_padding=&#8221;0&#8243; bottom_padding=&#8221;0&#8243; back_color=&#8221;color-nhtu&#8221; overlay_alpha=&#8221;50&#8243; equal_height=&#8221;yes&#8221; gutter_size=&#8221;3&#8243; shift_y=&#8221;0&#8243;][vc_column column_width_percent=&#8221;100&#8243; gutter_size=&#8221;3&#8243; expand_height=&#8221;yes&#8221; style=&#8221;dark&#8221; overlay_alpha=&#8221;50&#8243; shift_x=&#8221;0&#8243; shift_y=&#8221;0&#8243; z_index=&#8221;0&#8243; medium_width=&#8221;0&#8243; width=&#8221;1\/1&#8243;][vc_row_inner row_inner_height_percent=&#8221;0&#8243; overlay_alpha=&#8221;50&#8243; equal_height=&#8221;yes&#8221; gutter_size=&#8221;0&#8243; shift_y=&#8221;0&#8243; limit_content=&#8221;&#8221;][vc_column_inner column_width_use_pixel=&#8221;yes&#8221; gutter_size=&#8221;3&#8243; expand_height=&#8221;yes&#8221; back_image=&#8221;120529&#8243; back_position=&#8221;right center&#8221; overlay_alpha=&#8221;50&#8243; shift_x=&#8221;0&#8243; shift_y=&#8221;0&#8243; shift_y_down=&#8221;0&#8243; z_index=&#8221;0&#8243; medium_width=&#8221;0&#8243; mobile_width=&#8221;0&#8243; css_animation=&#8221;alpha-anim&#8221; width=&#8221;1\/2&#8243; mobile_height=&#8221;300&#8243; uncode_shortcode_id=&#8221;207035&#8243;][\/vc_column_inner][vc_column_inner column_width_percent=&#8221;65&#8243; position_vertical=&#8221;middle&#8221; gutter_size=&#8221;3&#8243; override_padding=&#8221;yes&#8221; column_padding=&#8221;3&#8243; style=&#8221;dark&#8221; font_family=&#8221;font-136269&#8243; overlay_alpha=&#8221;50&#8243; shift_x=&#8221;0&#8243; shift_y=&#8221;0&#8243; shift_y_down=&#8221;0&#8243; z_index=&#8221;0&#8243; medium_width=&#8221;0&#8243; mobile_width=&#8221;0&#8243; width=&#8221;1\/2&#8243; uncode_shortcode_id=&#8221;202408&#8243;][vc_custom_heading heading_semantic=&#8221;h1&#8243; text_font=&#8221;font-136269&#8243; text_size=&#8221;h1&#8243; text_weight=&#8221;700&#8243; css_animation=&#8221;left-t-right&#8221; text_align=&#8221;text-left&#8221; uncode_shortcode_id=&#8221;400710&#8243;]DENTAL ORTOPED\u0130[\/vc_custom_heading][vc_column_text text_lead=&#8221;yes&#8221; css_animation=&#8221;left-t-right&#8221; uncode_shortcode_id=&#8221;163442&#8243;]<strong><span style=\"background: -webkit-linear-gradient(45deg, #773de5, #438ced); -webkit-background-clip: text; -webkit-text-fill-color: transparent; display: inline-block; font-family: Jost; font-size: 20px;\">ORTOPED\u0130K BRAKETLER<\/span><\/strong><br \/>\n<strong>H\u0130ZALANMAMI\u015e D\u0130\u015eLER\u0130N\u0130Z VEYA \u00c7ENE PROBLEMLER\u0130N\u0130Z NEDEN\u0130YLE G\u00dcL\u00dcMSEMEN\u0130Z\u0130 SAKLAMAKTAN SIKILDINIZ MI?<\/strong><br \/>\nBat\u0131 Bulvar Di\u015f Klini\u011fi sizin i\u00e7in var! Geleneksel, seramik veya en yeni ve ortopedik braketlere merhaba deyin. G\u00f6z al\u0131c\u0131 tasar\u0131mlar ve renk se\u00e7enekleriyle sunulan braketlerimiz, uzman ortodontistlerimiz taraf\u0131ndan \u00f6zelle\u015ftirilmi\u015f tedavi planlar\u0131yla birlikte sunulmaktad\u0131r. G\u00fcl\u00fc\u015f\u00fcn\u00fcz\u00fc ola\u011fan\u00fcst\u00fc bir hale d\u00f6n\u00fc\u015ft\u00fcrecek olan bu tedavi planlar\u0131, g\u00fcnl\u00fck rutininizi minimum d\u00fczeyde etkileyerek sizlere sunulmaktad\u0131r. \u00d6zg\u00fcveniniz hapsolmas\u0131n.<\/p>\n<p><strong><span style=\"background: -webkit-linear-gradient(45deg, #773de5, #438ced); -webkit-background-clip: text; -webkit-text-fill-color: transparent; display: inline-block; font-family: Jost; font-size: 20px;\">\u015eEFFAF D\u00dcZELTME TEDAV\u0130S\u0130<\/span><\/strong><br \/>\n<strong>HO\u015e\u00c7AKAL E\u011eR\u0130 D\u0130\u015eLER!..<\/strong><br \/>\nInvisalign \u015feffaf plaklarla, varl\u0131klar\u0131n\u0131 bile hissetmeden sa\u011fl\u0131kl\u0131 di\u015flere sahip olun.[\/vc_column_text][vc_custom_heading heading_semantic=&#8221;h4&#8243; text_font=&#8221;font-136269&#8243; text_weight=&#8221;400&#8243; css_animation=&#8221;left-t-right&#8221; uncode_shortcode_id=&#8221;135623&#8243;]Di\u015flerinize hak etti\u011fi sa\u011fl\u0131\u011f\u0131 verin!..[\/vc_custom_heading][vc_button radius=&#8221;btn-square&#8221; custom_typo=&#8221;yes&#8221; font_family=&#8221;font-377884&#8243; font_weight=&#8221;600&#8243; border_width=&#8221;0&#8243; css_animation=&#8221;left-t-right&#8221; uncode_shortcode_id=&#8221;110915&#8243; link=&#8221;url:https%3A%2F%2Fbatibulvardent.com%2Ftr%2Filetisim%2F|title:%C4%B0LET%C4%B0%C5%9E%C4%B0M&#8221;]B\u0130ZE ULA\u015eIN[\/vc_button][\/vc_column_inner][\/vc_row_inner][\/vc_column][\/vc_row]<\/p>\n<\/div>","protected":false},"excerpt":{"rendered":"<p>[vc_row unlock_row_content=&#8221;yes&#8221; row_height_percent=&#8221;100&#8243; override_padding=&#8221;yes&#8221; h_padding=&#8221;0&#8243; top_padding=&#8221;0&#8243; bottom_padding=&#8221;0&#8243; back_color=&#8221;color-nhtu&#8221; overlay_alpha=&#8221;50&#8243; equal_height=&#8221;yes&#8221; gutter_size=&#8221;3&#8243; shift_y=&#8221;0&#8243;][vc_column column_width_percent=&#8221;100&#8243; gutter_size=&#8221;3&#8243; expand_height=&#8221;yes&#8221; style=&#8221;dark&#8221; overlay_alpha=&#8221;50&#8243; shift_x=&#8221;0&#8243; shift_y=&#8221;0&#8243; z_index=&#8221;0&#8243; [&hellip;]<\/p>\n","protected":false},"author":1,"featured_media":0,"parent":0,"menu_order":0,"comment_status":"closed","ping_status":"closed","template":"","meta":{"inline_featured_image":false,"_locale":"tr_TR","_original_post":"https:\/\/batibulvardent.com\/demo-bb\/?page_id=119458","footnotes":"","_links_to":"","_links_to_target":""},"class_list":["post-120766","page","type-page","status-publish","hentry","tr-TR"],"yoast_head":"<!-- This site is optimized with the Yoast SEO plugin v26.9 - https:\/\/yoast.com\/product\/yoast-seo-wordpress\/ -->\n<title>BATIBULVAR DENT | Dental Ortopedi<\/title>\n<meta name=\"description\" content=\"Geleneksel veya seramik braketler i\u00e7in g\u00f6z al\u0131c\u0131 tasar\u0131m ve renklerde sunulan en yeni ve en harika ortopedik braketlere merhaba deyin.\" \/>\n<meta name=\"robots\" content=\"index, follow, max-snippet:-1, max-image-preview:large, max-video-preview:-1\" \/>\n<link rel=\"canonical\" href=\"https:\/\/batibulvardent.com\/tr\/dental-ortopedi\/\" \/>\n<meta property=\"og:locale\" content=\"tr_TR\" \/>\n<meta property=\"og:type\" content=\"article\" \/>\n<meta property=\"og:title\" content=\"BATIBULVAR DENT | Dental Ortopedi\" \/>\n<meta property=\"og:description\" content=\"Geleneksel veya seramik braketler i\u00e7in g\u00f6z al\u0131c\u0131 tasar\u0131m ve renklerde sunulan en yeni ve en harika ortopedik braketlere merhaba deyin.\" \/>\n<meta property=\"og:url\" content=\"https:\/\/batibulvardent.com\/tr\/dental-ortopedi\/\" \/>\n<meta property=\"og:site_name\" content=\"BATIBULVARDENT\" \/>\n<meta name=\"twitter:card\" content=\"summary_large_image\" \/>\n<meta name=\"twitter:label1\" content=\"Tahmini okuma s\u00fcresi\" \/>\n\t<meta name=\"twitter:data1\" content=\"1 dakika\" \/>\n<script type=\"application\/ld+json\" class=\"yoast-schema-graph\">{\"@context\":\"https:\/\/schema.org\",\"@graph\":[{\"@type\":\"WebPage\",\"@id\":\"https:\/\/batibulvardent.com\/tr\/dental-ortopedi\/\",\"url\":\"https:\/\/batibulvardent.com\/tr\/dental-ortopedi\/\",\"name\":\"BATIBULVAR DENT | Dental Ortopedi\",\"isPartOf\":{\"@id\":\"https:\/\/batibulvardent.com\/#website\"},\"datePublished\":\"2024-03-01T14:11:03+00:00\",\"description\":\"Geleneksel veya seramik braketler i\u00e7in g\u00f6z al\u0131c\u0131 tasar\u0131m ve renklerde sunulan en yeni ve en harika ortopedik braketlere merhaba deyin.\",\"breadcrumb\":{\"@id\":\"https:\/\/batibulvardent.com\/tr\/dental-ortopedi\/#breadcrumb\"},\"inLanguage\":\"tr\",\"potentialAction\":[{\"@type\":\"ReadAction\",\"target\":[\"https:\/\/batibulvardent.com\/tr\/dental-ortopedi\/\"]}]},{\"@type\":\"BreadcrumbList\",\"@id\":\"https:\/\/batibulvardent.com\/tr\/dental-ortopedi\/#breadcrumb\",\"itemListElement\":[{\"@type\":\"ListItem\",\"position\":1,\"name\":\"Home\",\"item\":\"https:\/\/batibulvardent.com\/tr\/\"},{\"@type\":\"ListItem\",\"position\":2,\"name\":\"DENTAL ORTOPED\u0130\"}]},{\"@type\":\"WebSite\",\"@id\":\"https:\/\/batibulvardent.com\/#website\",\"url\":\"https:\/\/batibulvardent.com\/\",\"name\":\"BATIBULVAR DENT\",\"description\":\"The Future of Dental Health\",\"publisher\":{\"@id\":\"https:\/\/batibulvardent.com\/#organization\"},\"potentialAction\":[{\"@type\":\"SearchAction\",\"target\":{\"@type\":\"EntryPoint\",\"urlTemplate\":\"https:\/\/batibulvardent.com\/?s={search_term_string}\"},\"query-input\":{\"@type\":\"PropertyValueSpecification\",\"valueRequired\":true,\"valueName\":\"search_term_string\"}}],\"inLanguage\":\"tr\"},{\"@type\":\"Organization\",\"@id\":\"https:\/\/batibulvardent.com\/#organization\",\"name\":\"The Future of Dental Health\",\"url\":\"https:\/\/batibulvardent.com\/\",\"logo\":{\"@type\":\"ImageObject\",\"inLanguage\":\"tr\",\"@id\":\"https:\/\/batibulvardent.com\/#\/schema\/logo\/image\/\",\"url\":\"https:\/\/batibulvardent.com\/wp-content\/uploads\/2023\/06\/favicon.png\",\"contentUrl\":\"https:\/\/batibulvardent.com\/wp-content\/uploads\/2023\/06\/favicon.png\",\"width\":512,\"height\":512,\"caption\":\"The Future of Dental Health\"},\"image\":{\"@id\":\"https:\/\/batibulvardent.com\/#\/schema\/logo\/image\/\"},\"sameAs\":[\"https:\/\/www.instagram.com\/batibulvardisklinigi\"]}]}<\/script>\n<!-- \/ Yoast SEO plugin. -->","yoast_head_json":{"title":"BATIBULVAR DENT | Dental Ortopedi","description":"Geleneksel veya seramik braketler i\u00e7in g\u00f6z al\u0131c\u0131 tasar\u0131m ve renklerde sunulan en yeni ve en harika ortopedik braketlere merhaba deyin.","robots":{"index":"index","follow":"follow","max-snippet":"max-snippet:-1","max-image-preview":"max-image-preview:large","max-video-preview":"max-video-preview:-1"},"canonical":"https:\/\/batibulvardent.com\/tr\/dental-ortopedi\/","og_locale":"tr_TR","og_type":"article","og_title":"BATIBULVAR DENT | Dental Ortopedi","og_description":"Geleneksel veya seramik braketler i\u00e7in g\u00f6z al\u0131c\u0131 tasar\u0131m ve renklerde sunulan en yeni ve en harika ortopedik braketlere merhaba deyin.","og_url":"https:\/\/batibulvardent.com\/tr\/dental-ortopedi\/","og_site_name":"BATIBULVARDENT","twitter_card":"summary_large_image","twitter_misc":{"Tahmini okuma s\u00fcresi":"1 dakika"},"schema":{"@context":"https:\/\/schema.org","@graph":[{"@type":"WebPage","@id":"https:\/\/batibulvardent.com\/tr\/dental-ortopedi\/","url":"https:\/\/batibulvardent.com\/tr\/dental-ortopedi\/","name":"BATIBULVAR DENT | Dental Ortopedi","isPartOf":{"@id":"https:\/\/batibulvardent.com\/#website"},"datePublished":"2024-03-01T14:11:03+00:00","description":"Geleneksel veya seramik braketler i\u00e7in g\u00f6z al\u0131c\u0131 tasar\u0131m ve renklerde sunulan en yeni ve en harika ortopedik braketlere merhaba deyin.","breadcrumb":{"@id":"https:\/\/batibulvardent.com\/tr\/dental-ortopedi\/#breadcrumb"},"inLanguage":"tr","potentialAction":[{"@type":"ReadAction","target":["https:\/\/batibulvardent.com\/tr\/dental-ortopedi\/"]}]},{"@type":"BreadcrumbList","@id":"https:\/\/batibulvardent.com\/tr\/dental-ortopedi\/#breadcrumb","itemListElement":[{"@type":"ListItem","position":1,"name":"Home","item":"https:\/\/batibulvardent.com\/tr\/"},{"@type":"ListItem","position":2,"name":"DENTAL ORTOPED\u0130"}]},{"@type":"WebSite","@id":"https:\/\/batibulvardent.com\/#website","url":"https:\/\/batibulvardent.com\/","name":"BATIBULVAR DENT","description":"The Future of Dental Health","publisher":{"@id":"https:\/\/batibulvardent.com\/#organization"},"potentialAction":[{"@type":"SearchAction","target":{"@type":"EntryPoint","urlTemplate":"https:\/\/batibulvardent.com\/?s={search_term_string}"},"query-input":{"@type":"PropertyValueSpecification","valueRequired":true,"valueName":"search_term_string"}}],"inLanguage":"tr"},{"@type":"Organization","@id":"https:\/\/batibulvardent.com\/#organization","name":"The Future of Dental Health","url":"https:\/\/batibulvardent.com\/","logo":{"@type":"ImageObject","inLanguage":"tr","@id":"https:\/\/batibulvardent.com\/#\/schema\/logo\/image\/","url":"https:\/\/batibulvardent.com\/wp-content\/uploads\/2023\/06\/favicon.png","contentUrl":"https:\/\/batibulvardent.com\/wp-content\/uploads\/2023\/06\/favicon.png","width":512,"height":512,"caption":"The Future of Dental Health"},"image":{"@id":"https:\/\/batibulvardent.com\/#\/schema\/logo\/image\/"},"sameAs":["https:\/\/www.instagram.com\/batibulvardisklinigi"]}]}},"_links":{"self":[{"href":"https:\/\/batibulvardent.com\/wp-json\/wp\/v2\/pages\/120766","targetHints":{"allow":["GET"]}}],"collection":[{"href":"https:\/\/batibulvardent.com\/wp-json\/wp\/v2\/pages"}],"about":[{"href":"https:\/\/batibulvardent.com\/wp-json\/wp\/v2\/types\/page"}],"author":[{"embeddable":true,"href":"https:\/\/batibulvardent.com\/wp-json\/wp\/v2\/users\/1"}],"replies":[{"embeddable":true,"href":"https:\/\/batibulvardent.com\/wp-json\/wp\/v2\/comments?post=120766"}],"version-history":[{"count":3,"href":"https:\/\/batibulvardent.com\/wp-json\/wp\/v2\/pages\/120766\/revisions"}],"predecessor-version":[{"id":120881,"href":"https:\/\/batibulvardent.com\/wp-json\/wp\/v2\/pages\/120766\/revisions\/120881"}],"wp:attachment":[{"href":"https:\/\/batibulvardent.com\/wp-json\/wp\/v2\/media?parent=120766"}],"curies":[{"name":"wp","href":"https:\/\/api.w.org\/{rel}","templated":true}]}}