{"id":120767,"date":"2024-03-01T17:11:03","date_gmt":"2024-03-01T14:11:03","guid":{"rendered":"https:\/\/batibulvardent.com\/?page_id=120767"},"modified":"2026-04-21T16:46:54","modified_gmt":"2026-04-21T13:46:54","slug":"estetik-dis-hekimligi","status":"publish","type":"page","link":"https:\/\/batibulvardent.com\/tr\/estetik-dis-hekimligi\/","title":{"rendered":"ESTET\u0130K D\u0130\u015e HEK\u0130ML\u0130\u011e\u0130"},"content":{"rendered":"<div class=\"wpb-content-wrapper\"><p>[vc_row unlock_row_content=&#8221;yes&#8221; row_height_percent=&#8221;100&#8243; override_padding=&#8221;yes&#8221; h_padding=&#8221;0&#8243; top_padding=&#8221;0&#8243; bottom_padding=&#8221;0&#8243; back_color=&#8221;color-nhtu&#8221; overlay_alpha=&#8221;50&#8243; equal_height=&#8221;yes&#8221; gutter_size=&#8221;3&#8243; shift_y=&#8221;0&#8243;][vc_column column_width_percent=&#8221;100&#8243; gutter_size=&#8221;3&#8243; expand_height=&#8221;yes&#8221; style=&#8221;dark&#8221; overlay_alpha=&#8221;50&#8243; shift_x=&#8221;0&#8243; shift_y=&#8221;0&#8243; z_index=&#8221;0&#8243; medium_width=&#8221;0&#8243; width=&#8221;1\/1&#8243;][vc_row_inner row_inner_height_percent=&#8221;0&#8243; overlay_alpha=&#8221;50&#8243; equal_height=&#8221;yes&#8221; gutter_size=&#8221;0&#8243; shift_y=&#8221;0&#8243; limit_content=&#8221;&#8221;][vc_column_inner column_width_use_pixel=&#8221;yes&#8221; gutter_size=&#8221;3&#8243; expand_height=&#8221;yes&#8221; back_image=&#8221;119350&#8243; back_position=&#8221;right center&#8221; kburns=&#8221;magnetic&#8221; overlay_alpha=&#8221;50&#8243; shift_x=&#8221;0&#8243; shift_y=&#8221;0&#8243; shift_y_down=&#8221;0&#8243; z_index=&#8221;0&#8243; medium_width=&#8221;0&#8243; mobile_width=&#8221;0&#8243; css_animation=&#8221;alpha-anim&#8221; width=&#8221;1\/2&#8243; mobile_height=&#8221;300&#8243; uncode_shortcode_id=&#8221;162771&#8243;][\/vc_column_inner][vc_column_inner column_width_percent=&#8221;65&#8243; position_vertical=&#8221;middle&#8221; gutter_size=&#8221;3&#8243; override_padding=&#8221;yes&#8221; column_padding=&#8221;3&#8243; style=&#8221;dark&#8221; font_family=&#8221;font-136269&#8243; overlay_alpha=&#8221;50&#8243; shift_x=&#8221;0&#8243; shift_y=&#8221;0&#8243; shift_y_down=&#8221;0&#8243; z_index=&#8221;0&#8243; medium_width=&#8221;0&#8243; mobile_width=&#8221;0&#8243; width=&#8221;1\/2&#8243; uncode_shortcode_id=&#8221;202408&#8243;][vc_custom_heading heading_semantic=&#8221;h1&#8243; text_font=&#8221;font-136269&#8243; text_size=&#8221;h1&#8243; text_weight=&#8221;700&#8243; css_animation=&#8221;left-t-right&#8221; text_align=&#8221;text-left&#8221; uncode_shortcode_id=&#8221;281572&#8243;]G\u00fcl\u00fc\u015f Tasar\u0131m\u0131 ile Hayalinizdeki Estetik G\u00fcl\u00fc\u015fe Kavu\u015fun[\/vc_custom_heading][\/vc_column][\/vc_row]<\/p>\n<\/div>","protected":false},"excerpt":{"rendered":"<p>[vc_row unlock_row_content=&#8221;yes&#8221; row_height_percent=&#8221;100&#8243; override_padding=&#8221;yes&#8221; h_padding=&#8221;0&#8243; top_padding=&#8221;0&#8243; bottom_padding=&#8221;0&#8243; back_color=&#8221;color-nhtu&#8221; overlay_alpha=&#8221;50&#8243; equal_height=&#8221;yes&#8221; gutter_size=&#8221;3&#8243; shift_y=&#8221;0&#8243;][vc_column column_width_percent=&#8221;100&#8243; gutter_size=&#8221;3&#8243; expand_height=&#8221;yes&#8221; style=&#8221;dark&#8221; overlay_alpha=&#8221;50&#8243; shift_x=&#8221;0&#8243; shift_y=&#8221;0&#8243; z_index=&#8221;0&#8243; [&hellip;]<\/p>\n","protected":false},"author":1,"featured_media":0,"parent":0,"menu_order":0,"comment_status":"closed","ping_status":"closed","template":"","meta":{"inline_featured_image":false,"_locale":"tr_TR","_original_post":"https:\/\/batibulvardent.com\/demo-bb\/?page_id=119459","footnotes":"","_links_to":"","_links_to_target":""},"class_list":["post-120767","page","type-page","status-publish","hentry","tr-TR"],"yoast_head":"<!-- This site is optimized with the Yoast SEO plugin v26.9 - https:\/\/yoast.com\/product\/yoast-seo-wordpress\/ -->\n<title>G\u00fcl\u00fc\u015f Tasar\u0131m\u0131 Ankara - Hollywood Smile Fiyatlar\u0131 &amp; S\u00fcre\u00e7<\/title>\n<meta name=\"description\" content=\"Ki\u015fiye \u00f6zel dijital g\u00fcl\u00fc\u015f tasar\u0131m\u0131 (Hollywood Smile) ile do\u011fal ve m\u00fckemmel bir g\u00f6r\u00fcn\u00fcm. Bat\u0131 Bulvar Dent uzmanl\u0131\u011f\u0131yla tan\u0131\u015f\u0131n.\" \/>\n<meta name=\"robots\" content=\"index, follow, max-snippet:-1, max-image-preview:large, max-video-preview:-1\" \/>\n<link rel=\"canonical\" href=\"https:\/\/batibulvardent.com\/tr\/estetik-dis-hekimligi\/\" \/>\n<meta property=\"og:locale\" content=\"tr_TR\" \/>\n<meta property=\"og:type\" content=\"article\" \/>\n<meta property=\"og:title\" content=\"G\u00fcl\u00fc\u015f Tasar\u0131m\u0131 Ankara - Hollywood Smile Fiyatlar\u0131 &amp; S\u00fcre\u00e7\" \/>\n<meta property=\"og:description\" content=\"Ki\u015fiye \u00f6zel dijital g\u00fcl\u00fc\u015f tasar\u0131m\u0131 (Hollywood Smile) ile do\u011fal ve m\u00fckemmel bir g\u00f6r\u00fcn\u00fcm. Bat\u0131 Bulvar Dent uzmanl\u0131\u011f\u0131yla tan\u0131\u015f\u0131n.\" \/>\n<meta property=\"og:url\" content=\"https:\/\/batibulvardent.com\/tr\/estetik-dis-hekimligi\/\" \/>\n<meta property=\"og:site_name\" content=\"BATIBULVARDENT\" \/>\n<meta property=\"article:modified_time\" content=\"2026-04-21T13:46:54+00:00\" \/>\n<meta name=\"twitter:card\" content=\"summary_large_image\" \/>\n<meta name=\"twitter:label1\" content=\"Tahmini okuma s\u00fcresi\" \/>\n\t<meta name=\"twitter:data1\" content=\"1 dakika\" \/>\n<script type=\"application\/ld+json\" class=\"yoast-schema-graph\">{\"@context\":\"https:\/\/schema.org\",\"@graph\":[{\"@type\":\"WebPage\",\"@id\":\"https:\/\/batibulvardent.com\/tr\/estetik-dis-hekimligi\/\",\"url\":\"https:\/\/batibulvardent.com\/tr\/estetik-dis-hekimligi\/\",\"name\":\"G\u00fcl\u00fc\u015f Tasar\u0131m\u0131 Ankara - Hollywood Smile Fiyatlar\u0131 & S\u00fcre\u00e7\",\"isPartOf\":{\"@id\":\"https:\/\/batibulvardent.com\/#website\"},\"datePublished\":\"2024-03-01T14:11:03+00:00\",\"dateModified\":\"2026-04-21T13:46:54+00:00\",\"description\":\"Ki\u015fiye \u00f6zel dijital g\u00fcl\u00fc\u015f tasar\u0131m\u0131 (Hollywood Smile) ile do\u011fal ve m\u00fckemmel bir g\u00f6r\u00fcn\u00fcm. Bat\u0131 Bulvar Dent uzmanl\u0131\u011f\u0131yla tan\u0131\u015f\u0131n.\",\"breadcrumb\":{\"@id\":\"https:\/\/batibulvardent.com\/tr\/estetik-dis-hekimligi\/#breadcrumb\"},\"inLanguage\":\"tr\",\"potentialAction\":[{\"@type\":\"ReadAction\",\"target\":[\"https:\/\/batibulvardent.com\/tr\/estetik-dis-hekimligi\/\"]}]},{\"@type\":\"BreadcrumbList\",\"@id\":\"https:\/\/batibulvardent.com\/tr\/estetik-dis-hekimligi\/#breadcrumb\",\"itemListElement\":[{\"@type\":\"ListItem\",\"position\":1,\"name\":\"Home\",\"item\":\"https:\/\/batibulvardent.com\/tr\/\"},{\"@type\":\"ListItem\",\"position\":2,\"name\":\"ESTET\u0130K D\u0130\u015e HEK\u0130ML\u0130\u011e\u0130\"}]},{\"@type\":\"WebSite\",\"@id\":\"https:\/\/batibulvardent.com\/#website\",\"url\":\"https:\/\/batibulvardent.com\/\",\"name\":\"BATIBULVAR DENT\",\"description\":\"The Future of Dental Health\",\"publisher\":{\"@id\":\"https:\/\/batibulvardent.com\/#organization\"},\"potentialAction\":[{\"@type\":\"SearchAction\",\"target\":{\"@type\":\"EntryPoint\",\"urlTemplate\":\"https:\/\/batibulvardent.com\/?s={search_term_string}\"},\"query-input\":{\"@type\":\"PropertyValueSpecification\",\"valueRequired\":true,\"valueName\":\"search_term_string\"}}],\"inLanguage\":\"tr\"},{\"@type\":\"Organization\",\"@id\":\"https:\/\/batibulvardent.com\/#organization\",\"name\":\"The Future of Dental Health\",\"url\":\"https:\/\/batibulvardent.com\/\",\"logo\":{\"@type\":\"ImageObject\",\"inLanguage\":\"tr\",\"@id\":\"https:\/\/batibulvardent.com\/#\/schema\/logo\/image\/\",\"url\":\"https:\/\/batibulvardent.com\/wp-content\/uploads\/2023\/06\/favicon.png\",\"contentUrl\":\"https:\/\/batibulvardent.com\/wp-content\/uploads\/2023\/06\/favicon.png\",\"width\":512,\"height\":512,\"caption\":\"The Future of Dental Health\"},\"image\":{\"@id\":\"https:\/\/batibulvardent.com\/#\/schema\/logo\/image\/\"},\"sameAs\":[\"https:\/\/www.instagram.com\/batibulvardisklinigi\"]}]}<\/script>\n<!-- \/ Yoast SEO plugin. -->","yoast_head_json":{"title":"G\u00fcl\u00fc\u015f Tasar\u0131m\u0131 Ankara - Hollywood Smile Fiyatlar\u0131 & S\u00fcre\u00e7","description":"Ki\u015fiye \u00f6zel dijital g\u00fcl\u00fc\u015f tasar\u0131m\u0131 (Hollywood Smile) ile do\u011fal ve m\u00fckemmel bir g\u00f6r\u00fcn\u00fcm. Bat\u0131 Bulvar Dent uzmanl\u0131\u011f\u0131yla tan\u0131\u015f\u0131n.","robots":{"index":"index","follow":"follow","max-snippet":"max-snippet:-1","max-image-preview":"max-image-preview:large","max-video-preview":"max-video-preview:-1"},"canonical":"https:\/\/batibulvardent.com\/tr\/estetik-dis-hekimligi\/","og_locale":"tr_TR","og_type":"article","og_title":"G\u00fcl\u00fc\u015f Tasar\u0131m\u0131 Ankara - Hollywood Smile Fiyatlar\u0131 & S\u00fcre\u00e7","og_description":"Ki\u015fiye \u00f6zel dijital g\u00fcl\u00fc\u015f tasar\u0131m\u0131 (Hollywood Smile) ile do\u011fal ve m\u00fckemmel bir g\u00f6r\u00fcn\u00fcm. Bat\u0131 Bulvar Dent uzmanl\u0131\u011f\u0131yla tan\u0131\u015f\u0131n.","og_url":"https:\/\/batibulvardent.com\/tr\/estetik-dis-hekimligi\/","og_site_name":"BATIBULVARDENT","article_modified_time":"2026-04-21T13:46:54+00:00","twitter_card":"summary_large_image","twitter_misc":{"Tahmini okuma s\u00fcresi":"1 dakika"},"schema":{"@context":"https:\/\/schema.org","@graph":[{"@type":"WebPage","@id":"https:\/\/batibulvardent.com\/tr\/estetik-dis-hekimligi\/","url":"https:\/\/batibulvardent.com\/tr\/estetik-dis-hekimligi\/","name":"G\u00fcl\u00fc\u015f Tasar\u0131m\u0131 Ankara - Hollywood Smile Fiyatlar\u0131 & S\u00fcre\u00e7","isPartOf":{"@id":"https:\/\/batibulvardent.com\/#website"},"datePublished":"2024-03-01T14:11:03+00:00","dateModified":"2026-04-21T13:46:54+00:00","description":"Ki\u015fiye \u00f6zel dijital g\u00fcl\u00fc\u015f tasar\u0131m\u0131 (Hollywood Smile) ile do\u011fal ve m\u00fckemmel bir g\u00f6r\u00fcn\u00fcm. Bat\u0131 Bulvar Dent uzmanl\u0131\u011f\u0131yla tan\u0131\u015f\u0131n.","breadcrumb":{"@id":"https:\/\/batibulvardent.com\/tr\/estetik-dis-hekimligi\/#breadcrumb"},"inLanguage":"tr","potentialAction":[{"@type":"ReadAction","target":["https:\/\/batibulvardent.com\/tr\/estetik-dis-hekimligi\/"]}]},{"@type":"BreadcrumbList","@id":"https:\/\/batibulvardent.com\/tr\/estetik-dis-hekimligi\/#breadcrumb","itemListElement":[{"@type":"ListItem","position":1,"name":"Home","item":"https:\/\/batibulvardent.com\/tr\/"},{"@type":"ListItem","position":2,"name":"ESTET\u0130K D\u0130\u015e HEK\u0130ML\u0130\u011e\u0130"}]},{"@type":"WebSite","@id":"https:\/\/batibulvardent.com\/#website","url":"https:\/\/batibulvardent.com\/","name":"BATIBULVAR DENT","description":"The Future of Dental Health","publisher":{"@id":"https:\/\/batibulvardent.com\/#organization"},"potentialAction":[{"@type":"SearchAction","target":{"@type":"EntryPoint","urlTemplate":"https:\/\/batibulvardent.com\/?s={search_term_string}"},"query-input":{"@type":"PropertyValueSpecification","valueRequired":true,"valueName":"search_term_string"}}],"inLanguage":"tr"},{"@type":"Organization","@id":"https:\/\/batibulvardent.com\/#organization","name":"The Future of Dental Health","url":"https:\/\/batibulvardent.com\/","logo":{"@type":"ImageObject","inLanguage":"tr","@id":"https:\/\/batibulvardent.com\/#\/schema\/logo\/image\/","url":"https:\/\/batibulvardent.com\/wp-content\/uploads\/2023\/06\/favicon.png","contentUrl":"https:\/\/batibulvardent.com\/wp-content\/uploads\/2023\/06\/favicon.png","width":512,"height":512,"caption":"The Future of Dental Health"},"image":{"@id":"https:\/\/batibulvardent.com\/#\/schema\/logo\/image\/"},"sameAs":["https:\/\/www.instagram.com\/batibulvardisklinigi"]}]}},"_links":{"self":[{"href":"https:\/\/batibulvardent.com\/wp-json\/wp\/v2\/pages\/120767","targetHints":{"allow":["GET"]}}],"collection":[{"href":"https:\/\/batibulvardent.com\/wp-json\/wp\/v2\/pages"}],"about":[{"href":"https:\/\/batibulvardent.com\/wp-json\/wp\/v2\/types\/page"}],"author":[{"embeddable":true,"href":"https:\/\/batibulvardent.com\/wp-json\/wp\/v2\/users\/1"}],"replies":[{"embeddable":true,"href":"https:\/\/batibulvardent.com\/wp-json\/wp\/v2\/comments?post=120767"}],"version-history":[{"count":6,"href":"https:\/\/batibulvardent.com\/wp-json\/wp\/v2\/pages\/120767\/revisions"}],"predecessor-version":[{"id":120967,"href":"https:\/\/batibulvardent.com\/wp-json\/wp\/v2\/pages\/120767\/revisions\/120967"}],"wp:attachment":[{"href":"https:\/\/batibulvardent.com\/wp-json\/wp\/v2\/media?parent=120767"}],"curies":[{"name":"wp","href":"https:\/\/api.w.org\/{rel}","templated":true}]}}