{"id":120769,"date":"2024-03-01T17:11:03","date_gmt":"2024-03-01T14:11:03","guid":{"rendered":"https:\/\/batibulvardent.com\/?page_id=120769"},"modified":"2024-03-01T17:11:03","modified_gmt":"2024-03-01T14:11:03","slug":"endodontik-tedaviler","status":"publish","type":"page","link":"https:\/\/batibulvardent.com\/tr\/endodontik-tedaviler\/","title":{"rendered":"ENDODONT\u0130K TEDAV\u0130LER"},"content":{"rendered":"<div class=\"wpb-content-wrapper\"><p>[vc_row unlock_row_content=&#8221;yes&#8221; row_height_percent=&#8221;100&#8243; override_padding=&#8221;yes&#8221; h_padding=&#8221;0&#8243; top_padding=&#8221;0&#8243; bottom_padding=&#8221;0&#8243; back_color=&#8221;color-nhtu&#8221; overlay_alpha=&#8221;50&#8243; equal_height=&#8221;yes&#8221; gutter_size=&#8221;3&#8243; shift_y=&#8221;0&#8243;][vc_column column_width_percent=&#8221;100&#8243; gutter_size=&#8221;3&#8243; expand_height=&#8221;yes&#8221; style=&#8221;dark&#8221; overlay_alpha=&#8221;50&#8243; shift_x=&#8221;0&#8243; shift_y=&#8221;0&#8243; z_index=&#8221;0&#8243; medium_width=&#8221;0&#8243; width=&#8221;1\/1&#8243;][vc_row_inner row_inner_height_percent=&#8221;0&#8243; overlay_alpha=&#8221;50&#8243; equal_height=&#8221;yes&#8221; gutter_size=&#8221;0&#8243; shift_y=&#8221;0&#8243; limit_content=&#8221;&#8221;][vc_column_inner column_width_use_pixel=&#8221;yes&#8221; gutter_size=&#8221;3&#8243; expand_height=&#8221;yes&#8221; back_image=&#8221;120525&#8243; back_position=&#8221;right center&#8221; kburns=&#8221;magnetic&#8221; overlay_alpha=&#8221;50&#8243; shift_x=&#8221;0&#8243; shift_y=&#8221;0&#8243; shift_y_down=&#8221;0&#8243; z_index=&#8221;0&#8243; medium_width=&#8221;0&#8243; mobile_width=&#8221;0&#8243; css_animation=&#8221;alpha-anim&#8221; width=&#8221;1\/2&#8243; mobile_height=&#8221;300&#8243; uncode_shortcode_id=&#8221;882232&#8243;][\/vc_column_inner][vc_column_inner column_width_percent=&#8221;65&#8243; position_vertical=&#8221;middle&#8221; gutter_size=&#8221;3&#8243; override_padding=&#8221;yes&#8221; column_padding=&#8221;3&#8243; style=&#8221;dark&#8221; font_family=&#8221;font-136269&#8243; overlay_alpha=&#8221;50&#8243; shift_x=&#8221;0&#8243; shift_y=&#8221;0&#8243; shift_y_down=&#8221;0&#8243; z_index=&#8221;0&#8243; medium_width=&#8221;0&#8243; mobile_width=&#8221;0&#8243; width=&#8221;1\/2&#8243; uncode_shortcode_id=&#8221;202408&#8243;][vc_custom_heading heading_semantic=&#8221;h1&#8243; text_font=&#8221;font-136269&#8243; text_size=&#8221;h1&#8243; text_weight=&#8221;700&#8243; css_animation=&#8221;left-t-right&#8221; text_align=&#8221;text-left&#8221; uncode_shortcode_id=&#8221;103205&#8243;]ENDODONT\u0130K TEDAV\u0130LER[\/vc_custom_heading][vc_column_text text_lead=&#8221;yes&#8221; css_animation=&#8221;left-t-right&#8221; uncode_shortcode_id=&#8221;202419&#8243;]<strong><span style=\"background: -webkit-linear-gradient(45deg, #773de5, #438ced); -webkit-background-clip: text; -webkit-text-fill-color: transparent; display: inline-block; font-family: Jost; font-size: 20px;\">DOLGU TEDAV\u0130S\u0130<\/span><\/strong><br \/>\n<strong>BO\u015eLUKLARI SA\u011eLIKLA DOLDURUN!..<\/strong><br \/>\nBat\u0131 Bulvar Di\u015f Klini\u011fi olarak, di\u015flerinizdeki \u00e7\u00fcr\u00fckleri en kesin y\u00f6ntemlerle tespit ediyor ve ilerlemesini engellemek i\u00e7in tedavi ediyoruz.<\/p>\n<p><strong><span style=\"background: -webkit-linear-gradient(45deg, #773de5, #438ced); -webkit-background-clip: text; -webkit-text-fill-color: transparent; display: inline-block; font-family: Jost; font-size: 20px;\">KANAL TEDAV\u0130S\u0130<\/span><\/strong><br \/>\n<strong>TEDAV\u0130N\u0130Z\u0130 ERTELEMEY\u0130N!..<\/strong><br \/>\nK\u00f6k kanal tedaviniz i\u00e7in en iyi \u00e7\u00f6z\u00fcm Bat\u0131 Bulvar Di\u015f Klini\u011fi&#8217;nde sizi bekliyor. Sa\u011fl\u0131\u011f\u0131n\u0131z\u0131 \u00f6nceliklendirin, \u015fimdi bizimle ileti\u015fime ge\u00e7in!..<\/p>\n<p><strong><span style=\"background: -webkit-linear-gradient(45deg, #773de5, #438ced); -webkit-background-clip: text; -webkit-text-fill-color: transparent; display: inline-block; font-family: Jost; font-size: 20px;\">KANAL YEN\u0130LEME<\/span><\/strong><br \/>\n<strong>K\u00d6K KANAL TEDAV\u0130N\u0130Z \u0130\u00c7\u0130N EN UYGUN \u00c7\u00d6Z\u00dcMLER!..<\/strong><br \/>\nBat\u0131 Bulvar Di\u015f Klini\u011fi olarak, kusurlu veya eksik k\u00f6k kanal tedavilerinizi uygun tekniklerle tedavi eder ve size tam di\u015f sa\u011fl\u0131\u011f\u0131 sa\u011flar\u0131z.[\/vc_column_text][vc_custom_heading heading_semantic=&#8221;h4&#8243; text_font=&#8221;font-136269&#8243; text_weight=&#8221;400&#8243; css_animation=&#8221;left-t-right&#8221; uncode_shortcode_id=&#8221;708026&#8243;]Di\u015flerinize hak etti\u011fi sa\u011fl\u0131\u011f\u0131 verin!..[\/vc_custom_heading][vc_button radius=&#8221;btn-square&#8221; custom_typo=&#8221;yes&#8221; font_family=&#8221;font-377884&#8243; font_weight=&#8221;600&#8243; border_width=&#8221;0&#8243; css_animation=&#8221;left-t-right&#8221; uncode_shortcode_id=&#8221;200122&#8243; link=&#8221;url:https%3A%2F%2Fbatibulvardent.com%2Ftr%2Filetisim%2F|title:%C4%B0LET%C4%B0%C5%9E%C4%B0M&#8221;]B\u0130ZE ULA\u015eIN[\/vc_button][\/vc_column_inner][\/vc_row_inner][\/vc_column][\/vc_row]<\/p>\n<\/div>","protected":false},"excerpt":{"rendered":"<p>[vc_row unlock_row_content=&#8221;yes&#8221; row_height_percent=&#8221;100&#8243; override_padding=&#8221;yes&#8221; h_padding=&#8221;0&#8243; top_padding=&#8221;0&#8243; bottom_padding=&#8221;0&#8243; back_color=&#8221;color-nhtu&#8221; overlay_alpha=&#8221;50&#8243; equal_height=&#8221;yes&#8221; gutter_size=&#8221;3&#8243; shift_y=&#8221;0&#8243;][vc_column column_width_percent=&#8221;100&#8243; gutter_size=&#8221;3&#8243; expand_height=&#8221;yes&#8221; style=&#8221;dark&#8221; overlay_alpha=&#8221;50&#8243; shift_x=&#8221;0&#8243; shift_y=&#8221;0&#8243; z_index=&#8221;0&#8243; [&hellip;]<\/p>\n","protected":false},"author":1,"featured_media":0,"parent":0,"menu_order":0,"comment_status":"closed","ping_status":"closed","template":"","meta":{"inline_featured_image":false,"_locale":"tr_TR","_original_post":"https:\/\/batibulvardent.com\/demo-bb\/?page_id=119461","footnotes":"","_links_to":"","_links_to_target":""},"class_list":["post-120769","page","type-page","status-publish","hentry","tr-TR"],"yoast_head":"<!-- This site is optimized with the Yoast SEO plugin v26.9 - https:\/\/yoast.com\/product\/yoast-seo-wordpress\/ -->\n<title>BATIBULVAR DENT | Endodontik Tedaviler<\/title>\n<meta name=\"description\" content=\"K\u00f6k kanal tedaviniz i\u00e7in en iyi \u00e7\u00f6z\u00fcm Bat\u0131 Bulvar Di\u015f Klini\u011fi&#039;nde sizi bekliyor. Sa\u011fl\u0131\u011f\u0131n\u0131z\u0131 \u00f6nceliklendirin, \u015fimdi bizimle ileti\u015fime ge\u00e7in!..\" \/>\n<meta name=\"robots\" content=\"index, follow, max-snippet:-1, max-image-preview:large, max-video-preview:-1\" \/>\n<link rel=\"canonical\" href=\"https:\/\/batibulvardent.com\/tr\/endodontik-tedaviler\/\" \/>\n<meta property=\"og:locale\" content=\"tr_TR\" \/>\n<meta property=\"og:type\" content=\"article\" \/>\n<meta property=\"og:title\" content=\"BATIBULVAR DENT | Endodontik Tedaviler\" \/>\n<meta property=\"og:description\" content=\"K\u00f6k kanal tedaviniz i\u00e7in en iyi \u00e7\u00f6z\u00fcm Bat\u0131 Bulvar Di\u015f Klini\u011fi&#039;nde sizi bekliyor. Sa\u011fl\u0131\u011f\u0131n\u0131z\u0131 \u00f6nceliklendirin, \u015fimdi bizimle ileti\u015fime ge\u00e7in!..\" \/>\n<meta property=\"og:url\" content=\"https:\/\/batibulvardent.com\/tr\/endodontik-tedaviler\/\" \/>\n<meta property=\"og:site_name\" content=\"BATIBULVARDENT\" \/>\n<meta name=\"twitter:card\" content=\"summary_large_image\" \/>\n<meta name=\"twitter:label1\" content=\"Tahmini okuma s\u00fcresi\" \/>\n\t<meta name=\"twitter:data1\" content=\"1 dakika\" \/>\n<script type=\"application\/ld+json\" class=\"yoast-schema-graph\">{\"@context\":\"https:\/\/schema.org\",\"@graph\":[{\"@type\":\"WebPage\",\"@id\":\"https:\/\/batibulvardent.com\/tr\/endodontik-tedaviler\/\",\"url\":\"https:\/\/batibulvardent.com\/tr\/endodontik-tedaviler\/\",\"name\":\"BATIBULVAR DENT | Endodontik Tedaviler\",\"isPartOf\":{\"@id\":\"https:\/\/batibulvardent.com\/#website\"},\"datePublished\":\"2024-03-01T14:11:03+00:00\",\"description\":\"K\u00f6k kanal tedaviniz i\u00e7in en iyi \u00e7\u00f6z\u00fcm Bat\u0131 Bulvar Di\u015f Klini\u011fi'nde sizi bekliyor. Sa\u011fl\u0131\u011f\u0131n\u0131z\u0131 \u00f6nceliklendirin, \u015fimdi bizimle ileti\u015fime ge\u00e7in!..\",\"breadcrumb\":{\"@id\":\"https:\/\/batibulvardent.com\/tr\/endodontik-tedaviler\/#breadcrumb\"},\"inLanguage\":\"tr\",\"potentialAction\":[{\"@type\":\"ReadAction\",\"target\":[\"https:\/\/batibulvardent.com\/tr\/endodontik-tedaviler\/\"]}]},{\"@type\":\"BreadcrumbList\",\"@id\":\"https:\/\/batibulvardent.com\/tr\/endodontik-tedaviler\/#breadcrumb\",\"itemListElement\":[{\"@type\":\"ListItem\",\"position\":1,\"name\":\"Home\",\"item\":\"https:\/\/batibulvardent.com\/tr\/\"},{\"@type\":\"ListItem\",\"position\":2,\"name\":\"ENDODONT\u0130K TEDAV\u0130LER\"}]},{\"@type\":\"WebSite\",\"@id\":\"https:\/\/batibulvardent.com\/#website\",\"url\":\"https:\/\/batibulvardent.com\/\",\"name\":\"BATIBULVAR DENT\",\"description\":\"The Future of Dental Health\",\"publisher\":{\"@id\":\"https:\/\/batibulvardent.com\/#organization\"},\"potentialAction\":[{\"@type\":\"SearchAction\",\"target\":{\"@type\":\"EntryPoint\",\"urlTemplate\":\"https:\/\/batibulvardent.com\/?s={search_term_string}\"},\"query-input\":{\"@type\":\"PropertyValueSpecification\",\"valueRequired\":true,\"valueName\":\"search_term_string\"}}],\"inLanguage\":\"tr\"},{\"@type\":\"Organization\",\"@id\":\"https:\/\/batibulvardent.com\/#organization\",\"name\":\"The Future of Dental Health\",\"url\":\"https:\/\/batibulvardent.com\/\",\"logo\":{\"@type\":\"ImageObject\",\"inLanguage\":\"tr\",\"@id\":\"https:\/\/batibulvardent.com\/#\/schema\/logo\/image\/\",\"url\":\"https:\/\/batibulvardent.com\/wp-content\/uploads\/2023\/06\/favicon.png\",\"contentUrl\":\"https:\/\/batibulvardent.com\/wp-content\/uploads\/2023\/06\/favicon.png\",\"width\":512,\"height\":512,\"caption\":\"The Future of Dental Health\"},\"image\":{\"@id\":\"https:\/\/batibulvardent.com\/#\/schema\/logo\/image\/\"},\"sameAs\":[\"https:\/\/www.instagram.com\/batibulvardisklinigi\"]}]}<\/script>\n<!-- \/ Yoast SEO plugin. -->","yoast_head_json":{"title":"BATIBULVAR DENT | Endodontik Tedaviler","description":"K\u00f6k kanal tedaviniz i\u00e7in en iyi \u00e7\u00f6z\u00fcm Bat\u0131 Bulvar Di\u015f Klini\u011fi'nde sizi bekliyor. Sa\u011fl\u0131\u011f\u0131n\u0131z\u0131 \u00f6nceliklendirin, \u015fimdi bizimle ileti\u015fime ge\u00e7in!..","robots":{"index":"index","follow":"follow","max-snippet":"max-snippet:-1","max-image-preview":"max-image-preview:large","max-video-preview":"max-video-preview:-1"},"canonical":"https:\/\/batibulvardent.com\/tr\/endodontik-tedaviler\/","og_locale":"tr_TR","og_type":"article","og_title":"BATIBULVAR DENT | Endodontik Tedaviler","og_description":"K\u00f6k kanal tedaviniz i\u00e7in en iyi \u00e7\u00f6z\u00fcm Bat\u0131 Bulvar Di\u015f Klini\u011fi'nde sizi bekliyor. Sa\u011fl\u0131\u011f\u0131n\u0131z\u0131 \u00f6nceliklendirin, \u015fimdi bizimle ileti\u015fime ge\u00e7in!..","og_url":"https:\/\/batibulvardent.com\/tr\/endodontik-tedaviler\/","og_site_name":"BATIBULVARDENT","twitter_card":"summary_large_image","twitter_misc":{"Tahmini okuma s\u00fcresi":"1 dakika"},"schema":{"@context":"https:\/\/schema.org","@graph":[{"@type":"WebPage","@id":"https:\/\/batibulvardent.com\/tr\/endodontik-tedaviler\/","url":"https:\/\/batibulvardent.com\/tr\/endodontik-tedaviler\/","name":"BATIBULVAR DENT | Endodontik Tedaviler","isPartOf":{"@id":"https:\/\/batibulvardent.com\/#website"},"datePublished":"2024-03-01T14:11:03+00:00","description":"K\u00f6k kanal tedaviniz i\u00e7in en iyi \u00e7\u00f6z\u00fcm Bat\u0131 Bulvar Di\u015f Klini\u011fi'nde sizi bekliyor. Sa\u011fl\u0131\u011f\u0131n\u0131z\u0131 \u00f6nceliklendirin, \u015fimdi bizimle ileti\u015fime ge\u00e7in!..","breadcrumb":{"@id":"https:\/\/batibulvardent.com\/tr\/endodontik-tedaviler\/#breadcrumb"},"inLanguage":"tr","potentialAction":[{"@type":"ReadAction","target":["https:\/\/batibulvardent.com\/tr\/endodontik-tedaviler\/"]}]},{"@type":"BreadcrumbList","@id":"https:\/\/batibulvardent.com\/tr\/endodontik-tedaviler\/#breadcrumb","itemListElement":[{"@type":"ListItem","position":1,"name":"Home","item":"https:\/\/batibulvardent.com\/tr\/"},{"@type":"ListItem","position":2,"name":"ENDODONT\u0130K TEDAV\u0130LER"}]},{"@type":"WebSite","@id":"https:\/\/batibulvardent.com\/#website","url":"https:\/\/batibulvardent.com\/","name":"BATIBULVAR DENT","description":"The Future of Dental Health","publisher":{"@id":"https:\/\/batibulvardent.com\/#organization"},"potentialAction":[{"@type":"SearchAction","target":{"@type":"EntryPoint","urlTemplate":"https:\/\/batibulvardent.com\/?s={search_term_string}"},"query-input":{"@type":"PropertyValueSpecification","valueRequired":true,"valueName":"search_term_string"}}],"inLanguage":"tr"},{"@type":"Organization","@id":"https:\/\/batibulvardent.com\/#organization","name":"The Future of Dental Health","url":"https:\/\/batibulvardent.com\/","logo":{"@type":"ImageObject","inLanguage":"tr","@id":"https:\/\/batibulvardent.com\/#\/schema\/logo\/image\/","url":"https:\/\/batibulvardent.com\/wp-content\/uploads\/2023\/06\/favicon.png","contentUrl":"https:\/\/batibulvardent.com\/wp-content\/uploads\/2023\/06\/favicon.png","width":512,"height":512,"caption":"The Future of Dental Health"},"image":{"@id":"https:\/\/batibulvardent.com\/#\/schema\/logo\/image\/"},"sameAs":["https:\/\/www.instagram.com\/batibulvardisklinigi"]}]}},"_links":{"self":[{"href":"https:\/\/batibulvardent.com\/wp-json\/wp\/v2\/pages\/120769","targetHints":{"allow":["GET"]}}],"collection":[{"href":"https:\/\/batibulvardent.com\/wp-json\/wp\/v2\/pages"}],"about":[{"href":"https:\/\/batibulvardent.com\/wp-json\/wp\/v2\/types\/page"}],"author":[{"embeddable":true,"href":"https:\/\/batibulvardent.com\/wp-json\/wp\/v2\/users\/1"}],"replies":[{"embeddable":true,"href":"https:\/\/batibulvardent.com\/wp-json\/wp\/v2\/comments?post=120769"}],"version-history":[{"count":3,"href":"https:\/\/batibulvardent.com\/wp-json\/wp\/v2\/pages\/120769\/revisions"}],"predecessor-version":[{"id":120884,"href":"https:\/\/batibulvardent.com\/wp-json\/wp\/v2\/pages\/120769\/revisions\/120884"}],"wp:attachment":[{"href":"https:\/\/batibulvardent.com\/wp-json\/wp\/v2\/media?parent=120769"}],"curies":[{"name":"wp","href":"https:\/\/api.w.org\/{rel}","templated":true}]}}